{"id":921,"date":"2015-11-04T09:00:52","date_gmt":"2015-11-04T08:00:52","guid":{"rendered":"http:\/\/gs-ravne.splet.arnes.si\/?page_id=921"},"modified":"2016-06-07T14:05:04","modified_gmt":"2016-06-07T12:05:04","slug":"javni-nastopi-201516","status":"publish","type":"page","link":"https:\/\/gs-ravne.splet.arnes.si\/?page_id=921","title":{"rendered":"Javni nastopi 2015\/16"},"content":{"rendered":"<h5><strong>OB\u010cINA RAVNE NA KORO\u0160KEM<\/strong><\/h5>\n<hr \/>\n<h5><strong>18.11.2015 <a href=\"http:\/\/gs-ravne.splet.arnes.si\/files\/2015\/11\/Javni-nastop-18.11.2015-Ofak.pdf\">Programski list<\/a><\/strong><br \/>\nDVORANA GLASBENE \u0160OLE<br \/>\nOrganizator: Andrej Ofak<br \/>\nSodelujo\u010di u\u010ditelji: Tina Kseneman, Samo Kolar, Tatjana Sagernik Kova\u010di\u010d, Gregor Kova\u010di\u010d \u00a0 \u00a0\u00a0 \u00a0 \u00a0 \u00a0 \u00a0 \u00a0\u00a0 \u00a0\u00a0\u00a0\u00a0\u00a0\u00a0\u00a0\u00a0\u00a0\u00a0\u00a0 Umetni\u0161ka sodelavka: Valentina \u010cas<\/h5>\n<h5><strong>08.12.2015 <a href=\"http:\/\/gs-ravne.splet.arnes.si\/files\/2015\/11\/Javni-nastop-08.12.2015-Sagernik-K..pdf\">Programski list<\/a><\/strong><br \/>\nKULTURNI CENTER RAVNE<br \/>\nOrganizatorka: Tatjana Sagernik Kova\u010di\u010d<br \/>\nSodelujo\u010di u\u010ditelji: Du\u0161an \u0160triker, Janez Miklav\u017eina, Maja Srebo\u010dan, Aleksander Kotnik\u00a0\u00a0\u00a0\u00a0\u00a0\u00a0\u00a0\u00a0\u00a0\u00a0\u00a0\u00a0\u00a0\u00a0\u00a0\u00a0\u00a0\u00a0\u00a0\u00a0 \u00a0\u00a0\u00a0\u00a0\u00a0\u00a0\u00a0\u00a0\u00a0\u00a0\u00a0\u00a0\u00a0 Umetni\u0161ki sodelavki: Renata Mirkac, Sta\u0161a Skarlovnik<\/h5>\n<h5><strong>22.12.2015 <\/strong>(Javni nastop godalnega orkestra in plesne pripravnice) <strong><a href=\"http:\/\/gs-ravne.splet.arnes.si\/files\/2015\/11\/Bo\u017ei\u010dni-nastop-godalcev-in-plesne-pripravnice-22.12.2015-Berak-\u0110..pdf\">Programski list<\/a> <a href=\"http:\/\/gs-ravne.splet.arnes.si\/?page_id=631\" target=\"_blank\">GALERIJA<\/a><\/strong><br \/>\nKULTURNI CENTER RAVNE<br \/>\nOrganizator: \u0110or\u0111e Berak<br \/>\nSodelujo\u010di u\u010ditelji: u\u010ditelji godal in plesne pripravnice<\/h5>\n<h5><strong>26.01.2016<\/strong> (Javni nastop pihalcev) <strong><a href=\"http:\/\/gs-ravne.splet.arnes.si\/files\/2015\/11\/Javni-nastop-pihalcev-26.01.2016-\u0160triker-D..pdf\">Programski list<\/a><\/strong><br \/>\nKULTURNI CENTER RAVNE<br \/>\nOrganizator: Du\u0161an \u0160triker<br \/>\nSodelujo\u010di u\u010ditelji: vsi u\u010ditelji pihal<\/h5>\n<h5><strong>16.02.2016 <a href=\"http:\/\/gs-ravne.splet.arnes.si\/files\/2015\/11\/Javni-nastop-tekmovalcev-16.02.2016-Kseneman-T..pdf\">Programski list<\/a><\/strong><br \/>\nKULTURNI CENTER RAVNE<br \/>\nOrganizatorka: Tina Kseneman<br \/>\nSodelujo\u010di u\u010ditelji: Valerija Pisar, Marko Strm\u010dnik, Jo\u017ee Mandl, Anita Zadravec, Maja Srebo\u010dan, Bla\u017e Satler, Davorin Jev\u0161nikar \u00a0 \u00a0 \u00a0 \u00a0 \u00a0 \u00a0 \u00a0 \u00a0 \u00a0 \u00a0 \u00a0 \u00a0 \u00a0 \u00a0 \u00a0 \u00a0 \u00a0 \u00a0 \u00a0 \u00a0 \u00a0 \u00a0 \u00a0 \u00a0 \u00a0 \u00a0 \u00a0 \u00a0 \u00a0 \u00a0 \u00a0 \u00a0 \u00a0 \u00a0 \u00a0 \u00a0 \u00a0 \u00a0 \u00a0 \u00a0 \u00a0 \u00a0 \u00a0 \u00a0 \u00a0 \u00a0 \u00a0 \u00a0 \u00a0 \u00a0 \u00a0 \u00a0 \u00a0 \u00a0 \u00a0 \u00a0 \u00a0 \u00a0 \u00a0 \u00a0 \u00a0 \u00a0 \u00a0 \u00a0 \u00a0 \u00a0 \u00a0 \u00a0 \u00a0 \u00a0 \u00a0\u00a0 Umetni\u0161ka sodelavka: Sta\u0161a Skarlovnik<\/h5>\n<h5><strong>15.03.2016 <a href=\"http:\/\/gs-ravne.splet.arnes.si\/files\/2015\/11\/Javni-nastop-15.03.2016-Mandl-J..pdf\">Programski list<\/a><\/strong><br \/>\nKULTURNI CENTER RAVNE<br \/>\nOrganizator: Jo\u017ee Mandl<br \/>\nSodelujo\u010di u\u010ditelji: Renata Mirkac, Jerica \u017dge\u010d, Marko Prijatelj, \u0110or\u0111e Berak, Melita Stropnik\u00a0\u00a0\u00a0\u00a0\u00a0\u00a0 Umetni\u0161ka sodelavka: Valentina \u010cas<\/h5>\n<h5><strong>22.03.2016<\/strong> (Javni nastop pianistov) <strong><a href=\"http:\/\/gs-ravne.splet.arnes.si\/files\/2015\/11\/Javni-nastop-pianistov-22.03.2016-\u010cas-V.1.pdf\">Programski list<\/a><\/strong><br \/>\nDVORANA G\u0160 RAVNE<br \/>\nOrganizatorka: Valentina \u010cas<br \/>\nSodelujo\u010di u\u010ditelji: vsi u\u010ditelji klavirja<\/h5>\n<h5><strong>21.04.2016 ob 19:00 SLAVNOSTNI KONCERT OB 60. OBLETNICI \u0160OLE <a href=\"http:\/\/gs-ravne.splet.arnes.si\/files\/2015\/11\/Koncert-ob-60.-letnci-21.04.2016-Ravne.pdf\">Programski list<\/a> <\/strong><em><a href=\"http:\/\/gs-ravne.splet.arnes.si\/?page_id=631\" target=\"_blank\">GALERIJA<\/a><\/em><br \/>\n\u0160PORTNA DVORANA O\u0160 PRE\u017dIHOVEGA VORANCA RAVNE<br \/>\nOrganizator: Aleksander Kotnik<br \/>\nSodelujo\u010di u\u010ditelji: vsi<\/h5>\n<h5><strong>03.06.2016 <\/strong>(Javni nastop godalcev) <strong><a href=\"http:\/\/gs-ravne.splet.arnes.si\/files\/2015\/11\/Javni-nastop-godalcev-03.06.2016-Berak.pdf\">Programski list<\/a><\/strong><br \/>\nKULTURNI CENTER RAVNE<br \/>\nOrganizator: \u0110or\u0111e Berak<br \/>\nSodelujo\u010di u\u010ditelji: vsi u\u010ditelji godal<\/h5>\n<h5><strong>07.06.2016<\/strong> (Javni nastop u\u010dencev 1. razredov) <strong><a href=\"http:\/\/gs-ravne.splet.arnes.si\/files\/2015\/11\/Zaklju\u010dni-koncert-1.-razredov-07.06.2016-Ro\u0161er.pdf\">Programski list<\/a><\/strong><br \/>\nKULTURNI CENTER RAVNE<br \/>\nOrganizator: Kolar Samo<br \/>\nSodelujo\u010di u\u010ditelji: vsi u\u010ditelji 1. razredov<\/h5>\n<h5><strong>OB\u010cINA PREVALJE<\/strong><\/h5>\n<hr \/>\n<h5><strong>01.12.2015 <a href=\"http:\/\/gs-ravne.splet.arnes.si\/files\/2015\/11\/Javni-nastop-01.12.2015-Zadravec.pdf\">Programski list<\/a><\/strong><br \/>\nGLASBENA U\u010cILNICA O\u0160 PREVALJE<br \/>\nOrganizatorka: Anita Zadravec<\/h5>\n<h5><strong>17.05.2016 <\/strong>(Koncert ob obletnici \u0161ole) <strong><a href=\"http:\/\/gs-ravne.splet.arnes.si\/files\/2015\/11\/Koncert-oddelka-Prevalje-60-let.pdf\">Programski list<\/a> <a href=\"http:\/\/gs-ravne.splet.arnes.si\/?page_id=631\" target=\"_blank\">GALERIJA<\/a><\/strong><br \/>\nDRU\u017dBENI DOM PREVALJE<br \/>\nOrganizatorja: Renata Mirkac, Aleksander Kotnik<\/h5>\n<h5><strong>OB\u010cINA ME\u017dICA<\/strong><\/h5>\n<hr \/>\n<h5><strong>16.12.2015 <a href=\"http:\/\/gs-ravne.splet.arnes.si\/files\/2015\/11\/Javni-nastop-16.12.2015-\u0160triker-D.1.pdf\">Programski list<\/a> <a href=\"http:\/\/gs-ravne.splet.arnes.si\/?page_id=631\" target=\"_blank\">GALERIJA<\/a><\/strong><br \/>\nGLASBENI DOM ME\u017dICA<br \/>\nOrganizator: Du\u0161an \u0160triker<\/h5>\n<h5><strong>12.05.2016 <\/strong>(Koncert ob obletnici \u0161ole) Programski list <strong><a href=\"http:\/\/gs-ravne.splet.arnes.si\/files\/2015\/11\/Koncert-oddelka-Me\u017eica-60-let.pdf\">Programski list<\/a> <a href=\"http:\/\/gs-ravne.splet.arnes.si\/?page_id=631\" target=\"_blank\">GALERIJA<\/a><\/strong><br \/>\nNARODNI DOM ME\u017dICA<br \/>\nOrganizatorja: Janez Miklav\u017eina, Aleksander Kotnik<\/h5>\n<h5><strong>OB\u010cINA \u010cRNA NA KORO\u0160KEM<\/strong><\/h5>\n<hr \/>\n<h5><strong>02.12.2015 <a href=\"http:\/\/gs-ravne.splet.arnes.si\/files\/2015\/11\/Javni-nastop-02.12.2015-Strm\u010dnik.pdf\">Programski list<\/a><\/strong><br \/>\nU\u010cILNICA O\u0160 \u010cRNA NA KORO\u0160KEM<br \/>\nOrganizator: Marko Strm\u010dnik<\/h5>\n<h5><strong>06.04.2016 <a href=\"http:\/\/gs-ravne.splet.arnes.si\/files\/2015\/11\/Javni-nastop-u\u010dencev-06.04.2016-Buhvald-G.1.pdf\">Programski list<\/a><\/strong><br \/>\nU\u010cILNICA O\u0160 \u010cRNA NA KORO\u0160KEM<br \/>\nOrganizatorka: Helena Buhvald Goren\u0161ek<\/h5>\n<h5><strong>18.05.2016<\/strong> (Koncert ob obletnici \u0161ole) <strong><a href=\"http:\/\/gs-ravne.splet.arnes.si\/files\/2015\/11\/Koncert-oddelka-\u010crna-60-let.pdf\">Programski list<\/a> <a href=\"http:\/\/gs-ravne.splet.arnes.si\/?page_id=631\" target=\"_blank\">GALERIJA<\/a><\/strong><br \/>\nKULTURNI DOM \u010cRNA NA KORO\u0160KEM<br \/>\nOrganizatorja: Helena Buhvald Goren\u0161ek, Aleksander Kotnik<\/h5>\n<h5><strong>OB\u010cINA DRAVOGRAD<\/strong><\/h5>\n<hr \/>\n<h5><strong>15.12.2015 <a href=\"http:\/\/gs-ravne.splet.arnes.si\/files\/2015\/11\/Javni-nastop-15.12.2015-Blaznik-P.2.pdf\">Programski list<\/a><\/strong><br \/>\nJEDILNICA O\u0160 DRAVOGRAD<br \/>\nOrganizatorka: Polona Blaznik<\/h5>\n<h5><strong>17.03.2016 <a href=\"http:\/\/gs-ravne.splet.arnes.si\/files\/2015\/11\/Javni-nastop-17.03.2016-Skarlovnik-S.1.pdf\">Programski list<\/a> <\/strong><br \/>\nJEDILNICA O\u0160 DRAVOGRAD<br \/>\nOrganizatorka: Sta\u0161a Skarlovnik<\/h5>\n<h5><strong>12.04.2016<\/strong> (Koncert ob obletnici \u0161ole) <strong><a href=\"http:\/\/gs-ravne.splet.arnes.si\/files\/2015\/11\/Zaklju\u010dni-koncert-Dravograd-12.04.2016-Mori-A.1.pdf\">Programski list<\/a> <\/strong><em><a href=\"https:\/\/www.gs-ravne.si\/?page_id=631&amp;album=6&amp;gallery=30\" target=\"_blank\">GALERIJA<\/a><\/em><br \/>\nGRAD BUKOVJE DRAVOGRAD<br \/>\nOrganizatorja: Alenka Mori, Aleksander Kotnik<\/h5>\n<h5><strong>OSTALI NASTOPI V \u0160OLSKEM LETU 2015\/2016<\/strong><\/h5>\n<hr \/>\n<h5>\u00a0<strong>22.01.2016<\/strong> \u2013 revija glasbenih \u0161ol Koro\u0161ke, \u0160tejerske in Pomurja (Konservatorij za glasbo in balet Maribor, ob 18:00)<br \/>\n<strong>13.04.2016<\/strong> \u2013 24. revija koro\u0161kih glasbenih \u0161ol (ura po dogovoru), Muta<\/h5>\n<h5>TEMSIG<br \/>\n<strong>01. do 05.02.2016<\/strong> \u2013 regijska tekmovanja na glasbenih \u0161olah v raznih krajih Slovenije<br \/>\n<strong>01. do 13.03.2016<\/strong> \u2013 dr\u017eavno tekmovanje na glasbenih \u0161olah v primorski regiji<br \/>\nTekmovanje je razpisano za naslednje tekmovalne discipline: klavir, flavto, kljunasto flavto, obo, saksofon, klarinet, fagot, petje, diatoni\u010dno harmoniko, komorne skupine s trobili in komorne skupine jazz.<br \/>\nKoncerti prvonagrajencev bodo potekali 16. 3. 2016 v Ljubljani, 17. 3. 2016 v Postojni in 18. 3. 2016 v Mariboru.<\/h5>\n<h5>Udele\u017eba na drugih dr\u017eavnih in mednarodnih glasbenih tekmovanjih bo potekala na podlagi dogovora z u\u010ditelji in v okviru finan\u010dnih zmo\u017enosti.<\/h5>\n","protected":false},"excerpt":{"rendered":"<p>OB\u010cINA RAVNE NA KORO\u0160KEM 18.11.2015 Programski list DVORANA GLASBENE \u0160OLE Organizator: Andrej Ofak Sodelujo\u010di u\u010ditelji: Tina Kseneman, Samo Kolar, Tatjana Sagernik Kova\u010di\u010d, Gregor Kova\u010di\u010d \u00a0 \u00a0\u00a0 \u00a0 \u00a0 \u00a0 \u00a0 \u00a0\u00a0 \u00a0\u00a0\u00a0\u00a0\u00a0\u00a0\u00a0\u00a0\u00a0\u00a0\u00a0 Umetni\u0161ka sodelavka: Valentina \u010cas 08.12.2015 Programski list KULTURNI &hellip; <a href=\"https:\/\/gs-ravne.splet.arnes.si\/?page_id=921\">Beri naprej <span class=\"meta-nav\">&rarr;<\/span><\/a><\/p>\n","protected":false},"author":2856,"featured_media":0,"parent":0,"menu_order":0,"comment_status":"closed","ping_status":"closed","template":"","meta":{"ngg_post_thumbnail":0,"footnotes":""},"class_list":["post-921","page","type-page","status-publish","hentry"],"_links":{"self":[{"href":"https:\/\/gs-ravne.splet.arnes.si\/index.php?rest_route=\/wp\/v2\/pages\/921","targetHints":{"allow":["GET"]}}],"collection":[{"href":"https:\/\/gs-ravne.splet.arnes.si\/index.php?rest_route=\/wp\/v2\/pages"}],"about":[{"href":"https:\/\/gs-ravne.splet.arnes.si\/index.php?rest_route=\/wp\/v2\/types\/page"}],"author":[{"embeddable":true,"href":"https:\/\/gs-ravne.splet.arnes.si\/index.php?rest_route=\/wp\/v2\/users\/2856"}],"replies":[{"embeddable":true,"href":"https:\/\/gs-ravne.splet.arnes.si\/index.php?rest_route=%2Fwp%2Fv2%2Fcomments&post=921"}],"version-history":[{"count":98,"href":"https:\/\/gs-ravne.splet.arnes.si\/index.php?rest_route=\/wp\/v2\/pages\/921\/revisions"}],"predecessor-version":[{"id":1229,"href":"https:\/\/gs-ravne.splet.arnes.si\/index.php?rest_route=\/wp\/v2\/pages\/921\/revisions\/1229"}],"wp:attachment":[{"href":"https:\/\/gs-ravne.splet.arnes.si\/index.php?rest_route=%2Fwp%2Fv2%2Fmedia&parent=921"}],"curies":[{"name":"wp","href":"https:\/\/api.w.org\/{rel}","templated":true}]}}