{"id":865,"date":"2015-05-05T11:51:47","date_gmt":"2015-05-05T11:51:47","guid":{"rendered":"http:\/\/gs-ravne.splet.arnes.si\/?page_id=865"},"modified":"2023-08-29T12:20:14","modified_gmt":"2023-08-29T10:20:14","slug":"vpis-201516","status":"publish","type":"page","link":"https:\/\/gs-ravne.splet.arnes.si\/?page_id=865","title":{"rendered":"Vpis 2023\/24"},"content":{"rendered":"<h4>Vpis je mogo\u010d \u0161e samo v program pred\u0161olska glasbena vzgoja, glasbena in plesna pripravnica ter balet.<\/h4>\n<h4><span style=\"color: #000000\"><strong>Kandidati se evidentirajo preko obrazca na spodnji povezavi:<\/strong><\/span><\/h4>\n<p><a href=\"https:\/\/www.eglasbenasola.si\/applications_api\/application\/41\">https:\/\/www.eglasbenasola.si\/applications_api\/application\/41<\/a><\/p>\n<hr>\n<h5><strong>Pred\u0161olska glasbena vzgoja<br \/>\n<\/strong>\u2022 Starost u\u010dencev 5 let<br \/>\n\u2022 Brez predhodnega preizkusa glasbenih sposobnosti<br \/>\n\u2022 Program traja 1 leto, po zaklju\u010dku se lahko u\u010denci vklju\u010dijo v program glasbena ali plesna pripravnica&nbsp; &nbsp; &nbsp; &nbsp; &nbsp; &nbsp; \u2022 Na pred\u0161olski stopnji se znanje u\u010dencev ne ocenjuje. U\u010ditelj v pred\u0161olski glasbeni vzgoji spremlja razvoj glasbenih sposobnosti u\u010denca glede na cilje, ki so dolo\u010deni z vzgojno-izobra\u017eevalnim programom<br \/>\n\u2022 Odkrivanje in razvijanje glasbene nadarjenosti<br \/>\n\u2022 Omogo\u010danje osebnostnega razvoja u\u010dencev v skladu z njihovimi sposobnostmi in zakonitostmi razvoja<br \/>\n\u2022 Vzgajanje za ob\u010de kulturne in civilizacijske vrednote, ki izvirajo iz evropske tradicije<\/h5>\n<h5><strong>Glasbena pripravnica<\/strong><br \/>\n\u2022 Starost u\u010dencev 6 let (1. razred O\u0160)<br \/>\n\u2022 Brez predhodnega preizkusa glasbenih sposobnosti&nbsp; &nbsp; &nbsp; &nbsp; &nbsp; &nbsp; &nbsp; &nbsp; &nbsp; &nbsp; &nbsp; &nbsp; &nbsp; &nbsp; &nbsp; &nbsp; &nbsp; &nbsp; &nbsp; &nbsp; &nbsp; &nbsp; &nbsp; &nbsp; &nbsp; &nbsp; &nbsp; &nbsp; &nbsp; &nbsp; &nbsp; &nbsp; &nbsp; &nbsp; &nbsp; &nbsp; &nbsp; &nbsp; &nbsp; &nbsp; &nbsp; &nbsp; &nbsp; &nbsp; &nbsp; &nbsp; &nbsp; &nbsp; &nbsp; &nbsp; &nbsp; &nbsp; \u2022 Program glasbene pripravnice traja 1 leto, po zaklju\u010dku se lahko u\u010denci vklju\u010dijo v program glasba na podlagi opravljenega sprejemnega preizkusa&nbsp; &nbsp; &nbsp; &nbsp; &nbsp; &nbsp; &nbsp; &nbsp; &nbsp; &nbsp; &nbsp; &nbsp; &nbsp; &nbsp; &nbsp; &nbsp; &nbsp; &nbsp; &nbsp; &nbsp; &nbsp; &nbsp; &nbsp; &nbsp; &nbsp; &nbsp; &nbsp; &nbsp; &nbsp; &nbsp; &nbsp; &nbsp; &nbsp; &nbsp; &nbsp; &nbsp; &nbsp; &nbsp; &nbsp; &nbsp; &nbsp; &nbsp; &nbsp; &nbsp; &nbsp; &nbsp; &nbsp; &nbsp; &nbsp; &nbsp; &nbsp; &nbsp; &nbsp; &nbsp; &nbsp; &nbsp; &nbsp; &nbsp; &nbsp; \u2022 V glasbeni pripravnici se znanje u\u010dencev ne ocenjuje. U\u010ditelj v glasbeni pripravnici spremlja razvoj glasbenih sposobnosti u\u010denca glede na cilje, ki so dolo\u010deni z vzgojno-izobra\u017eevalnim programom<br \/>\n\u2022 Odkrivanje in razvijanje glasbene nadarjenosti<br \/>\n\u2022 Omogo\u010danje osebnostnega razvoja u\u010dencev v skladu z njihovimi sposobnostmi in zakonitostmi razvoja<br \/>\n\u2022 Vzgajanje za medsebojno strpnost, spo\u0161tovanje druga\u010dnosti in sodelovanje z drugimi<\/h5>\n<h5><strong>Plesna pripravnica<\/strong><br \/>\n\u2022 Starost u\u010dencev 6 let (1. razred O\u0160)&nbsp; &nbsp; &nbsp; &nbsp; &nbsp; &nbsp; &nbsp; &nbsp; &nbsp; &nbsp; &nbsp; &nbsp; &nbsp; &nbsp; &nbsp; &nbsp; &nbsp; &nbsp; &nbsp; &nbsp; &nbsp; &nbsp; &nbsp; &nbsp; &nbsp; &nbsp; &nbsp; &nbsp; &nbsp; &nbsp; &nbsp; &nbsp; &nbsp; &nbsp; &nbsp; &nbsp; &nbsp; &nbsp; &nbsp; &nbsp; &nbsp; &nbsp; &nbsp; &nbsp; &nbsp; &nbsp; &nbsp; &nbsp; &nbsp; &nbsp; &nbsp; &nbsp; &nbsp; &nbsp; &nbsp; &nbsp; &nbsp; &nbsp; &nbsp; &nbsp; &nbsp; &nbsp; &nbsp; &nbsp; &nbsp; &nbsp; &nbsp; \u2022 Starej\u0161i novinci (7 in 8 letni) se vpi\u0161ejo v razred vrstnikov (3 razredi plesne pripravnice)<br \/>\n\u2022 Brez predhodnega preizkusa plesnih sposobnosti<br \/>\n\u2022 Odkrivanje in razvijanje plesne nadarjenosti<br \/>\n\u2022 Omogo\u010danje osebnostnega razvoja u\u010dencev v skladu z njihovimi sposobnostmi in zakonitostmi razvoja<br \/>\n\u2022 Vzgajanje za medsebojno strpnost, spo\u0161tovanje druga\u010dnosti in sodelovanje z drugimi<\/h5>\n<h5><strong>Ples (balet)<\/strong><br \/>\n\u2022 Starost u\u010dencev je praviloma devet (9) let.&nbsp; &nbsp; &nbsp; &nbsp; &nbsp; &nbsp; &nbsp; &nbsp; &nbsp; &nbsp; &nbsp; &nbsp; &nbsp; &nbsp; &nbsp; &nbsp; &nbsp; &nbsp; &nbsp; &nbsp; &nbsp; &nbsp; &nbsp; &nbsp; &nbsp; &nbsp; &nbsp; &nbsp; &nbsp; &nbsp; &nbsp; &nbsp; &nbsp; &nbsp; &nbsp; &nbsp; &nbsp; &nbsp; &nbsp; &nbsp; &nbsp; &nbsp; &nbsp; &nbsp; &nbsp; &nbsp; &nbsp; &nbsp; &nbsp; &nbsp; &nbsp; &nbsp; &nbsp; &nbsp; &nbsp; &nbsp; &nbsp; &nbsp; &nbsp; &nbsp; \u2022 Plesna nadarjenost oziroma razvitost elementarnih plesnih sposobnosti (posnemanje ritmi\u010dnih motivov) ter fizi\u010dnih dispozicij in zdravstvenega stanja se ugotavlja s sprejemnim preizkusom.<\/h5>\n<h5><strong>Glasba (in\u0161trument in nauk o glasbi)<\/strong><br \/>\n\u2022&nbsp;Glasbena nadarjenost oziroma razvitost elementarnih glasbenih sposobnosti (izvedba pesmi po lastni izbiri, posnemanje ritmi\u010dnih in melodi\u010dnih motivov, razvitost glasbenega spomina), fizi\u010dnih dispozicij in zdravstvenega stanja se ugotavlja s sprejemnim preizkusom.<\/h5>\n<h5><a href=\"https:\/\/www.youtube.com\/watch?v=lRcXY3HjYSI\"><em><strong>VIDEO PREDSTAVITVE IN\u0160TRUMENTOV V RAZLI\u010cNIH ZASEDBAH<\/strong><\/em><\/a><\/h5>\n<h5>&nbsp;<\/h5>\n","protected":false},"excerpt":{"rendered":"<p>Vpis je mogo\u010d \u0161e samo v program pred\u0161olska glasbena vzgoja, glasbena in plesna pripravnica ter balet. Kandidati se evidentirajo preko obrazca na spodnji povezavi: https:\/\/www.eglasbenasola.si\/applications_api\/application\/41 Pred\u0161olska glasbena vzgoja \u2022 Starost u\u010dencev 5 let \u2022 Brez predhodnega preizkusa glasbenih sposobnosti \u2022 &hellip; <a href=\"https:\/\/gs-ravne.splet.arnes.si\/?page_id=865\">Beri naprej <span class=\"meta-nav\">&rarr;<\/span><\/a><\/p>\n","protected":false},"author":2856,"featured_media":0,"parent":0,"menu_order":0,"comment_status":"closed","ping_status":"closed","template":"","meta":{"ngg_post_thumbnail":0,"footnotes":""},"class_list":["post-865","page","type-page","status-publish","hentry"],"_links":{"self":[{"href":"https:\/\/gs-ravne.splet.arnes.si\/index.php?rest_route=\/wp\/v2\/pages\/865","targetHints":{"allow":["GET"]}}],"collection":[{"href":"https:\/\/gs-ravne.splet.arnes.si\/index.php?rest_route=\/wp\/v2\/pages"}],"about":[{"href":"https:\/\/gs-ravne.splet.arnes.si\/index.php?rest_route=\/wp\/v2\/types\/page"}],"author":[{"embeddable":true,"href":"https:\/\/gs-ravne.splet.arnes.si\/index.php?rest_route=\/wp\/v2\/users\/2856"}],"replies":[{"embeddable":true,"href":"https:\/\/gs-ravne.splet.arnes.si\/index.php?rest_route=%2Fwp%2Fv2%2Fcomments&post=865"}],"version-history":[{"count":86,"href":"https:\/\/gs-ravne.splet.arnes.si\/index.php?rest_route=\/wp\/v2\/pages\/865\/revisions"}],"predecessor-version":[{"id":4787,"href":"https:\/\/gs-ravne.splet.arnes.si\/index.php?rest_route=\/wp\/v2\/pages\/865\/revisions\/4787"}],"wp:attachment":[{"href":"https:\/\/gs-ravne.splet.arnes.si\/index.php?rest_route=%2Fwp%2Fv2%2Fmedia&parent=865"}],"curies":[{"name":"wp","href":"https:\/\/api.w.org\/{rel}","templated":true}]}}