{"id":492,"date":"2014-11-10T13:24:07","date_gmt":"2014-11-10T12:24:07","guid":{"rendered":"http:\/\/gs-ravne.splet.arnes.si\/?page_id=492"},"modified":"2023-04-14T10:40:45","modified_gmt":"2023-04-14T08:40:45","slug":"pravice-in-dolznosti-ucencev","status":"publish","type":"page","link":"https:\/\/gs-ravne.splet.arnes.si\/?page_id=492","title":{"rendered":"Pravice in dol\u017enosti u\u010dencev"},"content":{"rendered":"<h5 style=\"text-align: justify\">U\u010denec ima med izobra\u017eevanjem pravico in dol\u017enost prispevati k uresni\u010devanju ciljev in nalog \u0161ole v skladu z izobra\u017eevalnim programom, zakoni in drugimi predpisi ter letnim delovnim na\u010drtom \u0161ole.<\/h5>\n<h5 style=\"text-align: justify\"><strong>\u0160ola zagotavlja u\u010dencem<\/strong><br \/>\n\u2022 obiskovanje pouka in drugih oblik organiziranega izobra\u017eevalnega dela<br \/>\n\u2022 razvijanje njihovih sposobnosti<br \/>\n\u2022 pridobivanje kakovostnega in sodobnega znanja<br \/>\n\u2022 upo\u0161tevanje individualnih in razvojnih posebnosti<br \/>\n\u2022 prilagoditev dela za zelo nadarjene u\u010dence, ki se pripravljajo na dr\u017eavno oziroma mednarodno tekmovanje v znanju<br \/>\n\u2022 dodatni pouk za zelo nadarjene u\u010dence za seznanjanje z obse\u017enej\u0161im in zahtevnej\u0161im programom<br \/>\n\u2022 spo\u0161tovanje osebnosti<br \/>\n\u2022 varnost in za\u0161\u010dito pred vsemi oblikami nasilja v \u0161oli<br \/>\n\u2022 izobra\u017eevanje v duhu strpnosti in spo\u0161tovanja razli\u010dnosti ljudi<br \/>\n\u2022 pravico do zdravega, varnega in vzpodbudnega delovnega okolja<br \/>\n\u2022 pomo\u010d, kadar jo potrebujejo<br \/>\n\u2022 varovanje osebnih podatkov v skladu z zakonom in drugimi predpisi<\/h5>\n<h5 style=\"text-align: justify\"><strong>Dol\u017enosti u\u010dencev so<\/strong><br \/>\n\u2022 redno in pravo\u010dasno obiskovanje pouka in drugih oblik organiziranega izobra\u017eevalnega dela<br \/>\n\u2022 nastopanje na \u0161olskih in drugih nastopih, dolo\u010denih z izobra\u017eevalnim programom, letnim delovnim na\u010drtom, \u0161olskim koledarjem in drugimi predpisi<br \/>\n\u2022 vnaprej\u0161nje obve\u0161\u010danje \u0161ole o drugih javnih zunaj\u0161olskih nastopih in pridobitev soglasja \u0161ole<br \/>\n\u2022 spo\u0161tovanje drugih in vedenje v skladu s splo\u0161no sprejetimi civilizacijskimi normami<br \/>\n\u2022 prispevanje k ugledu \u0161ole<br \/>\n\u2022 varovanje ter ohranjanje premo\u017eenja \u0161ole, lastnine u\u010dencev in delavcev \u0161ole<br \/>\n\u2022 upo\u0161tevanje pravil \u0161olskega in hi\u0161nega reda<\/h5>\n<h5 style=\"text-align: justify\">\u0160ola praviloma ob za\u010detku \u0161olskega leta seznani u\u010dence in njihove star\u0161e s pravili o pravicah in dol\u017enostih u\u010dencev med izobra\u017eevanjem. \u0160ola sodeluje s star\u0161i na roditeljskih sestankih, lahko pa se z njimi dogovori tudi za druge oblike sodelovanja. U\u010ditelji sodelujejo s star\u0161i na govorilnih urah, pri internih nastopih ter med navzo\u010dnostjo pri individualnem pouku njihovih otrok. Razpored govorilnih ur in nastopov \u0161ola objavi v prostoru, ki je dostopno u\u010dencem in star\u0161em.<\/h5>\n","protected":false},"excerpt":{"rendered":"<p>U\u010denec ima med izobra\u017eevanjem pravico in dol\u017enost prispevati k uresni\u010devanju ciljev in nalog \u0161ole v skladu z izobra\u017eevalnim programom, zakoni in drugimi predpisi ter letnim delovnim na\u010drtom \u0161ole. \u0160ola zagotavlja u\u010dencem \u2022 obiskovanje pouka in drugih oblik organiziranega izobra\u017eevalnega dela &hellip; <a href=\"https:\/\/gs-ravne.splet.arnes.si\/?page_id=492\">Beri naprej <span class=\"meta-nav\">&rarr;<\/span><\/a><\/p>\n","protected":false},"author":2856,"featured_media":0,"parent":0,"menu_order":0,"comment_status":"closed","ping_status":"open","template":"","meta":{"ngg_post_thumbnail":0,"footnotes":""},"class_list":["post-492","page","type-page","status-publish","hentry"],"_links":{"self":[{"href":"https:\/\/gs-ravne.splet.arnes.si\/index.php?rest_route=\/wp\/v2\/pages\/492","targetHints":{"allow":["GET"]}}],"collection":[{"href":"https:\/\/gs-ravne.splet.arnes.si\/index.php?rest_route=\/wp\/v2\/pages"}],"about":[{"href":"https:\/\/gs-ravne.splet.arnes.si\/index.php?rest_route=\/wp\/v2\/types\/page"}],"author":[{"embeddable":true,"href":"https:\/\/gs-ravne.splet.arnes.si\/index.php?rest_route=\/wp\/v2\/users\/2856"}],"replies":[{"embeddable":true,"href":"https:\/\/gs-ravne.splet.arnes.si\/index.php?rest_route=%2Fwp%2Fv2%2Fcomments&post=492"}],"version-history":[{"count":2,"href":"https:\/\/gs-ravne.splet.arnes.si\/index.php?rest_route=\/wp\/v2\/pages\/492\/revisions"}],"predecessor-version":[{"id":621,"href":"https:\/\/gs-ravne.splet.arnes.si\/index.php?rest_route=\/wp\/v2\/pages\/492\/revisions\/621"}],"wp:attachment":[{"href":"https:\/\/gs-ravne.splet.arnes.si\/index.php?rest_route=%2Fwp%2Fv2%2Fmedia&parent=492"}],"curies":[{"name":"wp","href":"https:\/\/api.w.org\/{rel}","templated":true}]}}