{"id":486,"date":"2014-11-10T12:07:32","date_gmt":"2014-11-10T11:07:32","guid":{"rendered":"http:\/\/gs-ravne.splet.arnes.si\/?page_id=486"},"modified":"2023-05-12T11:33:31","modified_gmt":"2023-05-12T09:33:31","slug":"solnina","status":"publish","type":"page","link":"https:\/\/gs-ravne.splet.arnes.si\/?page_id=486","title":{"rendered":"\u0160olnina"},"content":{"rendered":"<h5>Star\u0161i se z vpisom otroka v glasbeno \u0161olo obve\u017eejo, da bodo redno izpolnjevali vse finan\u010dne obveznosti iz naslova materialnih stro\u0161kov. \u0160olske pristojbine pla\u010dujejo star\u0161i za u\u010dence glasbene \u0161ole v skladu s 83. \u010dlenom Zakona o organizaciji in financiranju vzgoje in izobra\u017eevanja.<\/h5>\n<h5><strong>Cene mese\u010dnega prispevka<\/strong><br \/>\n\u2022 in\u0161trument 35 \u20ac<br \/>\n\u2022 glasbena pripravnica 35 \u20ac<br \/>\n\u2022 nadstandardni program plesna pripravnica\/balet&nbsp; 70\u20ac (ob sofinanciranju ob\u010dine iz katere prihaja u\u010denec cena 35\u20ac)<br \/>\n\u2022 izposoja instrumenta 15 \u20ac \/ in\u0161trument<br \/>\nPrispevek za materialne stro\u0161ke je razdeljen na 10 mese\u010dnih obrokov. Star\u0161i morajo pred pristopom u\u010denca k letnemu izpitu poravnati vse finan\u010dne obveznosti do \u0161ole.<\/h5>\n<h5><strong>U\u010denec je lahko izklju\u010den iz glasbene \u0161ole, \u010de ne pla\u010duje prispevka, ki ga za poravnavanje materialnih stro\u0161kov dolo\u010di svet \u0161ole. O izklju\u010ditvi u\u010denca odlo\u010da ravnatelj (3. alineja 27. \u010dlena Zakona o glasbenih \u0161olah).<\/strong><\/h5>\n<h5><strong>Popusti<\/strong><br \/>\n\u2022 \u010de \u0161olo obiskujeta dva ali ve\u010d otrok iz iste dru\u017eine 10 \u20ac \/ otroka<br \/>\n\u2022 \u010de u\u010denec obiskuje pouk dveh in\u0161trumentov hkrati 10 \u20ac&nbsp; &nbsp; &nbsp; &nbsp; &nbsp; &nbsp; &nbsp; &nbsp; &nbsp; &nbsp; &nbsp; &nbsp; &nbsp; &nbsp; &nbsp; &nbsp; &nbsp; &nbsp; &nbsp; &nbsp; &nbsp; &nbsp; &nbsp; &nbsp; &nbsp; &nbsp; &nbsp; &nbsp; &nbsp; &nbsp; &nbsp; &nbsp; &nbsp; &nbsp; &nbsp; &nbsp; &nbsp; &nbsp; &nbsp; &nbsp; &nbsp; &nbsp; &nbsp; &nbsp; &nbsp; &nbsp; &nbsp; &nbsp;\u2022 \u010de u\u010denec obiskuje pouk enega in\u0161trumenta brez nauka o glasbi 10 \u20ac (v primeru, da ima u\u010denec \u017ee zaklju\u010den predmet nauk o glasbi po <a href=\"https:\/\/www.gov.si\/assets\/ministrstva\/MIZS\/Dokumenti\/Glasbena-sola\/Programi\/Glasba\/Dopolnjeni_predmetnik_ucni_nacrt_Glasba.pdf\">predmetniku izobra\u017eevalnega programa GLASBA<\/a>)<br \/>\n\u2022 \u010de u\u010denec obiskuje pouk dveh in\u0161trumentov brez nauka o glasbi hkrati 15 \u20ac (v primeru, da ima u\u010denec \u017ee zaklju\u010den predmet nauk o glasbi po <a href=\"https:\/\/www.gov.si\/assets\/ministrstva\/MIZS\/Dokumenti\/Glasbena-sola\/Programi\/Glasba\/Dopolnjeni_predmetnik_ucni_nacrt_Glasba.pdf\">predmetniku izobra\u017eevalnega programa GLASBA<\/a>)<br \/>\n\u2022 dodatni popust ali oprostitev \u0161olnine sta mogo\u010da na podlagi vloge naslovljene na \u0161olo<\/h5>\n<h5><strong>Vpisnina<\/strong><br \/>\n\u2022 zna\u0161a 35 \u20ac, in se poravna na podlagi izstavljene polo\u017enice za kritje stro\u0161kov \u0161olske dokumentacije. Ob vpisu se predlo\u017ei potrdilo o pla\u010dilu vpisnine.<\/h5>\n<h5><strong>Izpis<\/strong><br \/>\nIzpis med \u0161olskim letom je mo\u017een samo v izjemnih primerih (bolezen, selitev..) in mora biti podan v pisni obliki &#8211; <a href=\"http:\/\/gs-ravne.splet.arnes.si\/files\/2014\/11\/Izpisnica.pdf\" target=\"_blank\" rel=\"noopener noreferrer\">izpisnica<\/a>.<\/h5>\n<h5><strong>Izposoja instrumenta<\/strong><br \/>\n\u0160ola izposoja glasbene instrumente, ki si jih lahko u\u010denci izposodijo glede na razpolo\u017eljivo \u0161tevilo in vrsto. Za izposojo instrumenta se pla\u010da mese\u010dna uporabnina. Stro\u0161ke popravila po\u0161kodbe instrumenta, ki so posledica malomarnega ravnanja z instrumentom, nosijo star\u0161i sami.<\/h5>\n","protected":false},"excerpt":{"rendered":"<p>Star\u0161i se z vpisom otroka v glasbeno \u0161olo obve\u017eejo, da bodo redno izpolnjevali vse finan\u010dne obveznosti iz naslova materialnih stro\u0161kov. \u0160olske pristojbine pla\u010dujejo star\u0161i za u\u010dence glasbene \u0161ole v skladu s 83. \u010dlenom Zakona o organizaciji in financiranju vzgoje in &hellip; <a href=\"https:\/\/gs-ravne.splet.arnes.si\/?page_id=486\">Beri naprej <span class=\"meta-nav\">&rarr;<\/span><\/a><\/p>\n","protected":false},"author":2856,"featured_media":0,"parent":0,"menu_order":0,"comment_status":"closed","ping_status":"open","template":"","meta":{"ngg_post_thumbnail":0,"footnotes":""},"class_list":["post-486","page","type-page","status-publish","hentry"],"_links":{"self":[{"href":"https:\/\/gs-ravne.splet.arnes.si\/index.php?rest_route=\/wp\/v2\/pages\/486","targetHints":{"allow":["GET"]}}],"collection":[{"href":"https:\/\/gs-ravne.splet.arnes.si\/index.php?rest_route=\/wp\/v2\/pages"}],"about":[{"href":"https:\/\/gs-ravne.splet.arnes.si\/index.php?rest_route=\/wp\/v2\/types\/page"}],"author":[{"embeddable":true,"href":"https:\/\/gs-ravne.splet.arnes.si\/index.php?rest_route=\/wp\/v2\/users\/2856"}],"replies":[{"embeddable":true,"href":"https:\/\/gs-ravne.splet.arnes.si\/index.php?rest_route=%2Fwp%2Fv2%2Fcomments&post=486"}],"version-history":[{"count":17,"href":"https:\/\/gs-ravne.splet.arnes.si\/index.php?rest_route=\/wp\/v2\/pages\/486\/revisions"}],"predecessor-version":[{"id":4532,"href":"https:\/\/gs-ravne.splet.arnes.si\/index.php?rest_route=\/wp\/v2\/pages\/486\/revisions\/4532"}],"wp:attachment":[{"href":"https:\/\/gs-ravne.splet.arnes.si\/index.php?rest_route=%2Fwp%2Fv2%2Fmedia&parent=486"}],"curies":[{"name":"wp","href":"https:\/\/api.w.org\/{rel}","templated":true}]}}