{"id":4788,"date":"2024-04-29T09:47:05","date_gmt":"2024-04-29T07:47:05","guid":{"rendered":"https:\/\/gs-ravne.splet.arnes.si\/?page_id=4788"},"modified":"2024-04-30T13:25:50","modified_gmt":"2024-04-30T11:25:50","slug":"vpis-2024-25","status":"publish","type":"page","link":"https:\/\/gs-ravne.splet.arnes.si\/?page_id=4788","title":{"rendered":"Vpis 2024\/25"},"content":{"rendered":"\n<p><strong><a href=\"https:\/\/www.eglasbenasola.si\/vpis\/41\">E-obrazec (evidentiranje)<\/a><\/strong><\/p>\n\n\n\n<p class=\"has-text-align-center\"><em>Spo\u0161tovani star\u0161i in mlade kmalu glasbenice in glasbeniki, veseli nas, da vas zanima vpis na Glasbeno \u0161olo Ravne na Koro\u0161kem, ki \u017ee skoraj 70 let na Koro\u0161kem skrbi za najkvalitetnej\u0161o in strokovno glasbeno izobrazbo.<\/em><\/p>\n\n\n\n<p class=\"has-text-align-left\"><strong>DAN SPOZNAVANJA OTROK Z IN\u0160TRUMENTI (22. 5. 2024)<\/strong><br>Kot \u010darobna palica v Harry Potterju izbere \u010darovnika, tudi in\u0161trument pogosto izbere otroka. Zato vas lepo vabimo v sredo, 22. 5. 2024, od 17. do 19. ure, na Glasbeno \u0161olo Ravne na Koro\u0161kem, kjer se bodo va\u0161i otroci lahko spoznali z vsemi in\u0161trumenti, ki jih na na\u0161i \u0161oli pou\u010dujemo. In\u0161trumente bodo lahko prijeli v roke, na njih malo zaigrali, spoznali pa boste tudi na\u0161e u\u010ditelje in dobili vse informacije, ki vas utegnejo zanimati (od sprejemnih preizkusov, do na\u010dina pou\u010devanja, \u2026).<\/p>\n\n\n\n<p><strong>VPISUJEMO V PROGRAME<\/strong><\/p>\n\n\n\n<p><em>GLASBA<\/em><br>Glasbena nadarjenost oziroma razvitost elementarnih glasbenih sposobnosti (izvedba pesmi po lastni izbiri, posnemanje ritmi\u010dnih in melodi\u010dnih motivov, razvitost glasbenega spomina) fizi\u010dnih dispozicij in zdravstvenega stanja se ugotavlja s sprejemnim preizkusom.<\/p>\n\n\n\n<p><em>PRED\u0160OLSKA GLASBENA VZGOJA<\/em><br>Starost u\u010dencev 5 let.<br>Brez predhodnega preizkusa glasbenih sposobnosti.<br>Program traja 1 leto, po zaklju\u010dku se u\u010denci vklju\u010dijo v program glasbene ali plesne pripravnice.<\/p>\n\n\n\n<p><em>GLASBENA PRIPRAVNICA<\/em><br>Starost u\u010dencev 6 let (1. razred osnovne \u0161ole).<br>Brez predhodnega preizkusa glasbenih sposobnosti.<br>Program traja 1 leto, po zaklju\u010dku se u\u010denci vklju\u010dijo v program glasba na podlagi opravljenega sprejemnega preizkusa.<\/p>\n\n\n\n<p><em>PLESNA PRIPRAVNICA<\/em><br>Starost u\u010dencev 6 let (1. razred osnovne \u0161ole).<br>Program traja 3 leta, vendar se lahko starej\u0161i novinci (7 in 8 letni) vpi\u0161ejo v razred vrstnikov.<br>Brez predhodnega preizkusa glasbenih sposobnosti.<br>Po zaklju\u010dku se u\u010denci vklju\u010dijo v program baleta.<\/p>\n\n\n\n<p><em>BALET<\/em><br>Starost u\u010dencev je praviloma devet (9) let.<br>Plesna nadarjenost oziroma razvitost elementarnih plesnih sposobnosti (posnemanje ritmi\u010dnih motivov) ter fizi\u010dnih dispozicij in zdravstvenega stanja se ugotavlja s sprejemnim preizkusom.<\/p>\n\n\n\n<hr class=\"wp-block-separator has-alpha-channel-opacity\" \/>\n\n\n\n<p><strong>POTEK SPREJEMNEGA PREIZKUSA<\/strong><br>\u2022 ploskanje ob metronomu<br>\u2022 ponavljanje ritmi\u010dnih vzorcev<br>\u2022 samostojno petje dveh poljubnih pesmic, ki jih otrok pripravi doma<br>\u2022 ponavljanje melodi\u010dnih motivov &#8211; otrok zapoje oz. ponovi enostavnej\u0161o melodijo<br>\u2022 slu\u0161no prepoznavanje enakosti in razli\u010dnosti<\/p>\n\n\n\n<hr class=\"wp-block-separator has-alpha-channel-opacity\" \/>\n\n\n\n<p><strong>PRIPORO\u010cENE STAROSTI OB VPISU NA IN\u0160TRUMENTE, KI JIH POU\u010cUJEMO<\/strong><br>\u2022 klavir 7 do 9 let<br>\u2022 klavirska harmonika 7 do 9 let<br>\u2022 diatoni\u010dna harmonika 9 do 11 let<br>\u2022 citre 9 do 11 let<br>\u2022 trobenta 9 do 12 let<br>\u2022 rog 9 do 11 let<br>\u2022 pozavna 9 do 18 let<br>\u2022 tuba 11 do 18 let<br>\u2022 druga koni\u010dna trobila 10 do 18 let<br>\u2022 kitara 8 do 10 let<br>\u2022 petje 17 do 24 let<br>\u2022 tolkala 9 do 18 let<br>\u2022 kljunasta flavta 7 do 9 let<br>\u2022 pre\u010dna flavta 9 do 11 let<br>\u2022 klarinet 9 do 11 let<br>\u2022 saksofon 9 do 11 let<br>\u2022 oboa 9 do 11 let<br>\u2022 fagot 9 do 18 let<br>\u2022 violina 7 do 9 let<br>\u2022 violon\u010delo 7 do 9 let<br>\u2022 kontrabas 11 do 18 let<\/p>\n\n\n\n<p>Odstopanje od priporo\u010dljive starosti je izjemoma mogo\u010de v primeru, ko komisija na sprejemnem preizkusu ugotovi, da ima u\u010denec ustrezno razvite elementarne glasbene sposobnosti in fizi\u010dne dispozicije. O vpisu u\u010dencev, ki odstopajo od priporo\u010dljive starosti, odlo\u010da ravnatelj \u0161ole.<\/p>\n\n\n\n<p><a href=\"https:\/\/www.youtube.com\/watch?v=lRcXY3HjYSI\">VIDEO PREDSTAVITEV GLASBENIH IN\u0160TRUMENTOV<\/a><\/p>\n\n\n\n<hr class=\"wp-block-separator has-alpha-channel-opacity\" \/>\n\n\n\n<p><strong>NAKUP IN\u0160TRUMENTA OB PRI\u010cETKU \u0160OLANJA<\/strong><br>\u2022 klavir (mo\u017enost izposoje pri zunanjih ponudnikih)<br>\u2022 kitara (v dogovoru z u\u010diteljem\/ico)<br>\u2022 tolkala (v dogovoru z u\u010diteljem)<br>\u2022 klavirska in diatoni\u010dna harmonika (v dogovoru z u\u010diteljem\/ico)<br>\u2022 citre (v dogovoru z u\u010diteljico)<\/p>\n\n\n\n<p><strong>MO\u017dNOST IZPOSOJE IN\u0160TRUMENTA NA NA\u0160I \u0160OLI<\/strong><br>\u2022 trobila<br>\u2022 pihala<br>\u2022 godala<\/p>\n\n\n\n<hr class=\"wp-block-separator has-alpha-channel-opacity\" \/>\n\n\n\n<p><strong><a href=\"https:\/\/www.gs-ravne.si\/?page_id=486\">FINAN\u010cNE OBVEZNOSTI<\/a><\/strong><\/p>\n\n\n\n<p><\/p>\n","protected":false},"excerpt":{"rendered":"<p>E-obrazec (evidentiranje) Spo\u0161tovani star\u0161i in mlade kmalu glasbenice in glasbeniki, veseli nas, da vas zanima vpis na Glasbeno \u0161olo Ravne na Koro\u0161kem, ki \u017ee skoraj 70 let na Koro\u0161kem skrbi za najkvalitetnej\u0161o in strokovno glasbeno izobrazbo. DAN SPOZNAVANJA OTROK Z &hellip; <a href=\"https:\/\/gs-ravne.splet.arnes.si\/?page_id=4788\">Beri naprej <span class=\"meta-nav\">&rarr;<\/span><\/a><\/p>\n","protected":false},"author":2856,"featured_media":0,"parent":0,"menu_order":0,"comment_status":"closed","ping_status":"closed","template":"","meta":{"ngg_post_thumbnail":0,"footnotes":""},"class_list":["post-4788","page","type-page","status-publish","hentry"],"_links":{"self":[{"href":"https:\/\/gs-ravne.splet.arnes.si\/index.php?rest_route=\/wp\/v2\/pages\/4788","targetHints":{"allow":["GET"]}}],"collection":[{"href":"https:\/\/gs-ravne.splet.arnes.si\/index.php?rest_route=\/wp\/v2\/pages"}],"about":[{"href":"https:\/\/gs-ravne.splet.arnes.si\/index.php?rest_route=\/wp\/v2\/types\/page"}],"author":[{"embeddable":true,"href":"https:\/\/gs-ravne.splet.arnes.si\/index.php?rest_route=\/wp\/v2\/users\/2856"}],"replies":[{"embeddable":true,"href":"https:\/\/gs-ravne.splet.arnes.si\/index.php?rest_route=%2Fwp%2Fv2%2Fcomments&post=4788"}],"version-history":[{"count":16,"href":"https:\/\/gs-ravne.splet.arnes.si\/index.php?rest_route=\/wp\/v2\/pages\/4788\/revisions"}],"predecessor-version":[{"id":4817,"href":"https:\/\/gs-ravne.splet.arnes.si\/index.php?rest_route=\/wp\/v2\/pages\/4788\/revisions\/4817"}],"wp:attachment":[{"href":"https:\/\/gs-ravne.splet.arnes.si\/index.php?rest_route=%2Fwp%2Fv2%2Fmedia&parent=4788"}],"curies":[{"name":"wp","href":"https:\/\/api.w.org\/{rel}","templated":true}]}}