{"id":449,"date":"2014-11-07T12:23:30","date_gmt":"2014-11-07T11:23:30","guid":{"rendered":"http:\/\/gs-ravne.splet.arnes.si\/?page_id=449"},"modified":"2023-04-14T10:28:23","modified_gmt":"2023-04-14T08:28:23","slug":"cilji-glasbenega-izobrazevanja","status":"publish","type":"page","link":"https:\/\/gs-ravne.splet.arnes.si\/?page_id=449","title":{"rendered":"Cilji glasbenega izobra\u017eevanja"},"content":{"rendered":"<h5>\u2022 odkrivanje in razvijanje glasbene in plesne nadarjenosti<br \/>\n\u2022 sooblikovanje osebnosti in na\u010drtno izbolj\u0161evanje glasbene izobra\u017eenosti prebivalstva<br \/>\n\u2022 doseganje ustreznega znanja in pridobivanje izku\u0161enj za za\u010detek delovanja v ljubiteljskih instrumentalnih ansamblih, orkestrih, pevskih zborih ter plesnih skupinah<br \/>\n\u2022 pridobivanje znanja za nadaljnje glasbeno in plesno izobra\u017eevanje<br \/>\n\u2022 omogo\u010danje umetni\u0161kega do\u017eivljanja in izra\u017eanja<br \/>\n\u2022 omogo\u010danje osebnostnega razvoja u\u010dencev v skladu z njihovimi sposobnostmi in zakonitostmi razvoja<br \/>\n\u2022 vzgajanje za ob\u010de kulturne in civilizacijske vrednote, ki izvirajo iz evropske tradicije<br \/>\n\u2022 vzgajanje za medsebojno strpnost, spo\u0161tovanje druga\u010dnosti in sodelovanje z drugimi<br \/>\n\u2022 skrb za prenos nacionalne in ob\u010de\u010dlove\u0161ke dedi\u0161\u010dine in razvijanje nacionalne zavesti<br \/>\n\u2022 vzgajanje za multikulturno dru\u017ebo, hkrati pa razvijanje in ohranjanje lastne kulturne in naravne dedi\u0161\u010dine<\/h5>\n","protected":false},"excerpt":{"rendered":"<p>\u2022 odkrivanje in razvijanje glasbene in plesne nadarjenosti \u2022 sooblikovanje osebnosti in na\u010drtno izbolj\u0161evanje glasbene izobra\u017eenosti prebivalstva \u2022 doseganje ustreznega znanja in pridobivanje izku\u0161enj za za\u010detek delovanja v ljubiteljskih instrumentalnih ansamblih, orkestrih, pevskih zborih ter plesnih skupinah \u2022 pridobivanje znanja &hellip; <a href=\"https:\/\/gs-ravne.splet.arnes.si\/?page_id=449\">Beri naprej <span class=\"meta-nav\">&rarr;<\/span><\/a><\/p>\n","protected":false},"author":2856,"featured_media":0,"parent":0,"menu_order":0,"comment_status":"closed","ping_status":"open","template":"","meta":{"ngg_post_thumbnail":0,"footnotes":""},"class_list":["post-449","page","type-page","status-publish","hentry"],"_links":{"self":[{"href":"https:\/\/gs-ravne.splet.arnes.si\/index.php?rest_route=\/wp\/v2\/pages\/449","targetHints":{"allow":["GET"]}}],"collection":[{"href":"https:\/\/gs-ravne.splet.arnes.si\/index.php?rest_route=\/wp\/v2\/pages"}],"about":[{"href":"https:\/\/gs-ravne.splet.arnes.si\/index.php?rest_route=\/wp\/v2\/types\/page"}],"author":[{"embeddable":true,"href":"https:\/\/gs-ravne.splet.arnes.si\/index.php?rest_route=\/wp\/v2\/users\/2856"}],"replies":[{"embeddable":true,"href":"https:\/\/gs-ravne.splet.arnes.si\/index.php?rest_route=%2Fwp%2Fv2%2Fcomments&post=449"}],"version-history":[{"count":5,"href":"https:\/\/gs-ravne.splet.arnes.si\/index.php?rest_route=\/wp\/v2\/pages\/449\/revisions"}],"predecessor-version":[{"id":491,"href":"https:\/\/gs-ravne.splet.arnes.si\/index.php?rest_route=\/wp\/v2\/pages\/449\/revisions\/491"}],"wp:attachment":[{"href":"https:\/\/gs-ravne.splet.arnes.si\/index.php?rest_route=%2Fwp%2Fv2%2Fmedia&parent=449"}],"curies":[{"name":"wp","href":"https:\/\/api.w.org\/{rel}","templated":true}]}}