{"id":426,"date":"2014-10-02T12:56:21","date_gmt":"2014-10-02T11:56:21","guid":{"rendered":"http:\/\/gs-ravne.splet.arnes.si\/?page_id=426"},"modified":"2014-11-04T11:12:56","modified_gmt":"2014-11-04T10:12:56","slug":"zgodovina","status":"publish","type":"page","link":"https:\/\/gs-ravne.splet.arnes.si\/?page_id=426","title":{"rendered":"Zgodovina"},"content":{"rendered":"<h5 style=\"text-align: justify\">Uradni za\u010detek Glasbene \u0161ole Ravne na Koro\u0161kem je bil 1. 9. 1956, ko je za v. d. ravnatelja bil imenovan g. Ferdo Pirc, biv\u0161i zborovodja mariborskega opernega zbora. Pod njegovim vodstvom je \u0161ola 25. 9. 1956 postala finan\u010dno samostojni zavod. \u017de nekaj let prej pa je \u0161ola neuradno delovala v okviru godbe na pihala pod vodstvom g. Jo\u017eka Hermana, g. Marjana Tanciga, g. Franca Debeljaka in drugih intuziastov. Prvo \u0161olsko leto ( 1956 ) je bilo vpisanih v glasbeno \u0161olo 60 u\u010dencev. Po odhodu v. d. ravnatelja g. Ferda Pirca 31. 8. 1957 je pri\u0161la \u0161ola v najkriti\u010dnej\u0161o fazo svojega obstoja. \u0160ola je bila namre\u010d od 31. 8. 1957 do 1. 11. 1957 brez vsakega vodstva. \u017de so padali razlogi, da bi se \u0161ola ukinila. Nesporno ima najve\u010d zaslug, da se to ni zgodilo krog vodilnih ljudi godbe ravenskih \u017eelezarjev. Odposlanca ravenske ob\u010dine ( g. Jo\u017eko Herman in ga. Majda Pucelj ) sta v orkestru Mariborske opere na\u0161la g. Jo\u017eeta Petruna. In po poznej\u0161ih stikih je padla odlo\u010ditev tako, da je s 1. 11. 1957 g. Jo\u017ee Petrun postal ravnatelj Ni\u017eje glasbene \u0161ole Ravne na Koro\u0161kem. U\u010diteljski zbor so v tem za\u010detnem obdobju sestavljali naslednji u\u010ditelji in amaterji: ga. Silva Kri\u017eaj, ga. Majda Pucelj, g. Jo\u017ee Petrun, g. Franc Mravljak, g. Mirko Vajs, g. Vjekoslav Ercegovi\u010d, g. Anton Star\u010dek, g. Peter \u0160teharnik, g. Janko Petra\u010d in g. Arnold Pavel. Od leta 1965 je bil ravnatelj g. Ivan Gradi\u0161ek, solist Pihalnega orkestra ravenskih \u017eelezarjev. Za njim je naloge 1. 3. 1974 prevzel g. Alojz Lipovnik, dirigent orkestra. Obdobje od 1. 9. 1993 pa vse do 30.12.2012 je bilo zaznamovano s \u0161tevilnimi odli\u010dnimi rezultati posameznih u\u010dencev in \u0161olskih orkestrov na dr\u017eavnih in mednarodnih glasbenih tekmovanjih, ko je \u0161olo uspe\u0161no vodil g. Avgust Pogorev\u010dnik. Od 01.01.2013 naprej \u0161olo vodi mag. Aleksander Kotnik.<\/h5>\n","protected":false},"excerpt":{"rendered":"<p>Uradni za\u010detek Glasbene \u0161ole Ravne na Koro\u0161kem je bil 1. 9. 1956, ko je za v. d. ravnatelja bil imenovan g. Ferdo Pirc, biv\u0161i zborovodja mariborskega opernega zbora. Pod njegovim vodstvom je \u0161ola 25. 9. 1956 postala finan\u010dno samostojni zavod. &hellip; <a href=\"https:\/\/gs-ravne.splet.arnes.si\/?page_id=426\">Beri naprej <span class=\"meta-nav\">&rarr;<\/span><\/a><\/p>\n","protected":false},"author":2856,"featured_media":0,"parent":0,"menu_order":0,"comment_status":"open","ping_status":"open","template":"","meta":{"ngg_post_thumbnail":0,"footnotes":""},"class_list":["post-426","page","type-page","status-publish","hentry"],"_links":{"self":[{"href":"https:\/\/gs-ravne.splet.arnes.si\/index.php?rest_route=\/wp\/v2\/pages\/426","targetHints":{"allow":["GET"]}}],"collection":[{"href":"https:\/\/gs-ravne.splet.arnes.si\/index.php?rest_route=\/wp\/v2\/pages"}],"about":[{"href":"https:\/\/gs-ravne.splet.arnes.si\/index.php?rest_route=\/wp\/v2\/types\/page"}],"author":[{"embeddable":true,"href":"https:\/\/gs-ravne.splet.arnes.si\/index.php?rest_route=\/wp\/v2\/users\/2856"}],"replies":[{"embeddable":true,"href":"https:\/\/gs-ravne.splet.arnes.si\/index.php?rest_route=%2Fwp%2Fv2%2Fcomments&post=426"}],"version-history":[{"count":2,"href":"https:\/\/gs-ravne.splet.arnes.si\/index.php?rest_route=\/wp\/v2\/pages\/426\/revisions"}],"predecessor-version":[{"id":428,"href":"https:\/\/gs-ravne.splet.arnes.si\/index.php?rest_route=\/wp\/v2\/pages\/426\/revisions\/428"}],"wp:attachment":[{"href":"https:\/\/gs-ravne.splet.arnes.si\/index.php?rest_route=%2Fwp%2Fv2%2Fmedia&parent=426"}],"curies":[{"name":"wp","href":"https:\/\/api.w.org\/{rel}","templated":true}]}}