{"id":3655,"date":"2020-05-14T12:48:04","date_gmt":"2020-05-14T10:48:04","guid":{"rendered":"http:\/\/gs-ravne.splet.arnes.si\/?page_id=3655"},"modified":"2020-05-14T12:51:59","modified_gmt":"2020-05-14T10:51:59","slug":"zacetek-pouka","status":"publish","type":"page","link":"https:\/\/gs-ravne.splet.arnes.si\/?page_id=3655","title":{"rendered":"Za\u010detek pouka"},"content":{"rendered":"<p>Po navodilih Ministrstva za izobra\u017eevanje in priporo\u010dilih NIJZ se 18.5.2020 za\u010dne pouk tudi na glasbenih \u0161olah. Izvajal se bo pouk in\u0161trumenta (individualni pouk) in skupinski pouk (nauk o glasbi, komorna igra). Pouk orkestrov se do konca \u0161olskega leta ne bo izvajal.<br \/>\nU\u010ditelji bodo u\u010dence seznanili z urniki in samoza\u0161\u010ditnimi ter higienskimi navodili in priporo\u010dili.<\/p>\n<p>\u0160e nekaj splo\u0161nih navodil\/pravil:<br \/>\n&#8211; v \u0161oli ni zadr\u017eevanja,<br \/>\n&#8211; garderobe na hodnikih se ne uporabljajo,<br \/>\n&#8211; na pouk po\u010dakate na hodniku, v avli, na primerni razdalji od morebitnih drugih \u010dakajo\u010dih, oz. u\u010ditelj pride po vas pred vhod,<br \/>\n&#8211; \u010dimmanj se dotikate stvari, \u0161e posebej ograj na stopni\u0161\u010du.<br \/>\nPred\/po pouku vsakega u\u010denca bodo u\u010ditelji prezra\u010dili u\u010dilnice, razku\u017eili u\u010dne pripomo\u010dke in kljuke. U\u010ditelji bodo ravnali samoza\u0161\u010ditno. Otroci nad 12 let prihajajo v \u0161olo z masko (pri samem pouku jih bo glede uporabe usmeril u\u010ditelj). Predlagamo tudi, da si u\u010denci dobro umijejo roke pred in po pouku.<\/p>\n<p>Prosimo star\u0161e, da pred za\u010detkom pouka (do 17.5.2020) izpolnijo izjavo (glej spodaj) in jo po\u0161ljejo na na\u0161 elektronski naslov gs_ravne@siol.net ali jo predlo\u017eijo u\u010ditelju pri pouku!!<\/p>\n<p><a href=\"http:\/\/gs-ravne.splet.arnes.si\/files\/2020\/05\/Izjava-star\u0161ev-pred-vstopom-otroka-v-Glasbeno-\u0161olo-Ravne-na-Koro\u0161kem.pdf\">Izjava star\u0161ev pred vstopom otroka v Glasbeno \u0161olo Ravne na Koro\u0161kem<\/a><\/p>\n<p>&nbsp;<\/p>\n","protected":false},"excerpt":{"rendered":"<p>Po navodilih Ministrstva za izobra\u017eevanje in priporo\u010dilih NIJZ se 18.5.2020 za\u010dne pouk tudi na glasbenih \u0161olah. Izvajal se bo pouk in\u0161trumenta (individualni pouk) in skupinski pouk (nauk o glasbi, komorna igra). Pouk orkestrov se do konca \u0161olskega leta ne bo &hellip; <a href=\"https:\/\/gs-ravne.splet.arnes.si\/?page_id=3655\">Beri naprej <span class=\"meta-nav\">&rarr;<\/span><\/a><\/p>\n","protected":false},"author":2856,"featured_media":0,"parent":0,"menu_order":0,"comment_status":"closed","ping_status":"closed","template":"","meta":{"ngg_post_thumbnail":0,"footnotes":""},"class_list":["post-3655","page","type-page","status-publish","hentry"],"_links":{"self":[{"href":"https:\/\/gs-ravne.splet.arnes.si\/index.php?rest_route=\/wp\/v2\/pages\/3655","targetHints":{"allow":["GET"]}}],"collection":[{"href":"https:\/\/gs-ravne.splet.arnes.si\/index.php?rest_route=\/wp\/v2\/pages"}],"about":[{"href":"https:\/\/gs-ravne.splet.arnes.si\/index.php?rest_route=\/wp\/v2\/types\/page"}],"author":[{"embeddable":true,"href":"https:\/\/gs-ravne.splet.arnes.si\/index.php?rest_route=\/wp\/v2\/users\/2856"}],"replies":[{"embeddable":true,"href":"https:\/\/gs-ravne.splet.arnes.si\/index.php?rest_route=%2Fwp%2Fv2%2Fcomments&post=3655"}],"version-history":[{"count":2,"href":"https:\/\/gs-ravne.splet.arnes.si\/index.php?rest_route=\/wp\/v2\/pages\/3655\/revisions"}],"predecessor-version":[{"id":3663,"href":"https:\/\/gs-ravne.splet.arnes.si\/index.php?rest_route=\/wp\/v2\/pages\/3655\/revisions\/3663"}],"wp:attachment":[{"href":"https:\/\/gs-ravne.splet.arnes.si\/index.php?rest_route=%2Fwp%2Fv2%2Fmedia&parent=3655"}],"curies":[{"name":"wp","href":"https:\/\/api.w.org\/{rel}","templated":true}]}}