{"id":2461,"date":"2019-10-29T11:56:34","date_gmt":"2019-10-29T10:56:34","guid":{"rendered":"http:\/\/gs-ravne.splet.arnes.si\/?page_id=2461"},"modified":"2020-02-17T12:12:51","modified_gmt":"2020-02-17T11:12:51","slug":"javni-nastopi-201920","status":"publish","type":"page","link":"https:\/\/gs-ravne.splet.arnes.si\/?page_id=2461","title":{"rendered":"Javni nastopi 2019\/20"},"content":{"rendered":"<h5><strong>Vsi nastopi se za\u010dnejo ob 18.30 uri.<\/strong><\/h5>\n<h5><em><strong>OB\u010cINA RAVNE NA KORO\u0160KEM<\/strong><\/em><\/h5>\n<hr \/>\n<h5><strong>KULTURNI CENTER G\u0160 RAVNE\u00a0 \u00a0 \u00a0 \u00a0 \u00a0 \u00a0 \u00a0 \u00a0 \u00a0 \u00a0 \u00a0 \u00a0 \u00a0 \u00a0 \u00a0 \u00a0 \u00a0 \u00a0 \u00a0 \u00a0 \u00a0 \u00a0 \u00a0 \u00a0 \u00a0 \u00a0 \u00a0 \u00a0 \u00a0 \u00a0 \u00a0 \u00a0 \u00a0 \u00a0 \u00a0 \u00a0 \u00a0 \u00a0 \u00a0 \u00a019. november 2019<\/strong><br \/>\nOrganizator: Marko Strm\u010dnik<br \/>\nSodelujo\u010di u\u010ditelji: Tina Kseneman, Samo Kolar, Janez Miklav\u017eina, Melita Stropnik, Du\u0161an \u0160triker, Marko Strm\u010dnik<br \/>\nUmetni\u0161ka sodelavka: Petra Delopst\u00a0 \u00a0 <em><a href=\"http:\/\/gs-ravne.splet.arnes.si\/files\/2019\/10\/Javni-nastop-u\u010dencev-19.11.2019-Strm\u010dnik-1.pdf\">Programski list<\/a><\/em><\/h5>\n<h5><strong>KULTURNI CENTER RAVNE\u00a0\u00a0\u00a0\u00a0\u00a0\u00a0\u00a0\u00a0\u00a0\u00a0\u00a0\u00a0\u00a0\u00a0\u00a0\u00a0\u00a0\u00a0\u00a0\u00a0\u00a0\u00a0\u00a0\u00a0\u00a0\u00a0\u00a0\u00a0\u00a0\u00a0\u00a0\u00a0\u00a0\u00a0\u00a0\u00a0\u00a0\u00a0\u00a0\u00a0\u00a0\u00a0\u00a0\u00a0\u00a0\u00a0\u00a0\u00a0\u00a0\u00a0\u00a0\u00a0\u00a0\u00a0 \u00a0\u00a0\u00a0\u00a0\u00a0\u00a0\u00a0\u00a0\u00a0\u00a0\u00a0\u00a0\u00a0\u00a0\u00a0\u00a0\u00a0\u00a0\u00a0\u00a0\u00a0\u00a0\u00a0\u00a0\u00a0\u00a0\u00a0\u00a0\u00a0\u00a026. november 2019<\/strong><br \/>\nOrganizatorka: Davorin Jev\u0161nikar<br \/>\nSodelujo\u010di u\u010ditelji: Andrej Ofak,\u00a0 Aleksander Kotnik, Renata Mirkac,\u00a0 Jo\u017ee Mandl, Davorin Jev\u0161nikar, Gregor Kova\u010di\u010d<br \/>\nUmetni\u0161ki sodelavki: Sta\u0161a Skarlovnik, Valentina \u010cas\u00a0 \u00a0 <em>\u00a0<a href=\"http:\/\/gs-ravne.splet.arnes.si\/files\/2019\/10\/Javni-nastop-u\u010dencev-oddelka-Ravne-na-Koro\u0161kem-26.11.2019-Jev\u0161nikar-1.pdf\">Programski list\u00a0<\/a><\/em><\/h5>\n<h5><strong>KULTURNI CENTER RAVNE\u00a0\u00a0\u00a0\u00a0\u00a0\u00a0\u00a0\u00a0\u00a0\u00a0\u00a0 \u00a0\u00a0\u00a0\u00a0\u00a0\u00a0\u00a0\u00a0\u00a0\u00a0\u00a0\u00a0\u00a0\u00a0\u00a0\u00a0\u00a0\u00a0\u00a0\u00a0\u00a0\u00a0\u00a0\u00a0\u00a0\u00a0\u00a0\u00a0\u00a0\u00a0\u00a0\u00a0\u00a0\u00a0\u00a0\u00a0\u00a0\u00a0\u00a0\u00a0\u00a0\u00a0\u00a0\u00a0\u00a0\u00a0\u00a0\u00a0\u00a0\u00a0\u00a0\u00a0\u00a0\u00a0\u00a0\u00a0\u00a0\u00a0\u00a0\u00a0\u00a0\u00a0\u00a0\u00a0\u00a0\u00a0\u00a0\u00a0\u00a0\u00a0\u00a0\u00a0\u00a0\u00a0\u00a0\u00a0\u00a0\u00a0\u00a0\u00a014. januar 2020<\/strong><br \/>\n<strong>PROST TERMIN<\/strong><br \/>\nOrganizatorka: po dogovoru<br \/>\nSodelujo\u010di u\u010ditelji: po dogovoru<\/h5>\n<h5><strong>KULTURNI CENTER RAVNE\u00a0\u00a0\u00a0\u00a0\u00a0\u00a0\u00a0\u00a0\u00a0\u00a0\u00a0\u00a0\u00a0\u00a0\u00a0\u00a0\u00a0\u00a0\u00a0\u00a0\u00a0\u00a0\u00a0\u00a0\u00a0\u00a0\u00a0\u00a0\u00a0\u00a0\u00a0\u00a0\u00a0\u00a0\u00a0\u00a0\u00a0\u00a0\u00a0\u00a0\u00a0\u00a0\u00a0\u00a0\u00a0\u00a0\u00a0\u00a0\u00a0\u00a0\u00a0\u00a0\u00a0\u00a0\u00a0\u00a0\u00a0\u00a0\u00a0\u00a0 \u00a0\u00a0\u00a0\u00a0\u00a0\u00a0\u00a0\u00a0\u00a0\u00a0\u00a0\u00a0\u00a0\u00a0\u00a0\u00a0\u00a0\u00a0\u00a0\u00a0\u00a0\u00a0\u00a0\u00a0\u00a0\u00a0\u00a0\u00a0\u00a0\u00a028. januar\u00a0 2020<\/strong><br \/>\n<strong>JAVNI NASTOP PIHALCEV + TEKMOVALCI<\/strong><br \/>\nOrganizator: Gregor Kova\u010di\u010d<br \/>\nSodelujo\u010di u\u010ditelji: vsi u\u010ditelji pihal, korepetitorji tekmovalcev\u00a0 \u00a0\u00a0<em><a href=\"http:\/\/gs-ravne.splet.arnes.si\/files\/2019\/10\/Javni-nastop-u\u010dencev-28.1.2020-Kova\u010di\u010d.pdf\">Programski list<\/a><\/em><\/h5>\n<h5><strong>KULTURNI CENTER RAVNE\u00a0\u00a0\u00a0\u00a0\u00a0\u00a0\u00a0\u00a0\u00a0\u00a0\u00a0\u00a0\u00a0\u00a0\u00a0\u00a0\u00a0\u00a0\u00a0\u00a0\u00a0\u00a0\u00a0\u00a0\u00a0\u00a0\u00a0\u00a0\u00a0\u00a0\u00a0\u00a0\u00a0\u00a0\u00a0\u00a0\u00a0\u00a0\u00a0\u00a0\u00a0\u00a0\u00a0\u00a0\u00a0\u00a0\u00a0\u00a0\u00a0\u00a0\u00a0\u00a0\u00a0\u00a0\u00a0\u00a0\u00a0\u00a0\u00a0\u00a0\u00a0\u00a0 \u00a0\u00a0\u00a0\u00a0\u00a0\u00a0\u00a0\u00a0\u00a0\u00a0\u00a0\u00a0\u00a0\u00a0\u00a0\u00a0\u00a0\u00a0\u00a0\u00a0\u00a0\u00a0\u00a0\u00a0\u00a0\u00a0\u00a0\u00a0\u00a04. februar 2020<\/strong><br \/>\n<strong>(sodelujejo otroci glasbene pripravnice)\u00a0<\/strong>\u00a0 \u00a0 \u00a0 \u00a0 \u00a0 \u00a0 \u00a0 \u00a0 \u00a0 \u00a0 \u00a0 \u00a0 \u00a0 \u00a0 \u00a0 \u00a0 \u00a0 \u00a0 \u00a0 \u00a0 \u00a0 \u00a0 \u00a0 \u00a0 \u00a0 \u00a0 \u00a0 \u00a0 \u00a0 \u00a0 \u00a0 \u00a0 \u00a0 \u00a0 \u00a0 \u00a0 \u00a0 \u00a0 \u00a0 \u00a0 \u00a0 \u00a0 \u00a0 \u00a0 \u00a0 \u00a0 \u00a0 \u00a0 \u00a0 \u00a0 \u00a0 \u00a0 \u00a0 \u00a0 \u00a0 \u00a0 \u00a0 Organizator: Bla\u017e Satler<br \/>\nSodelujo\u010di u\u010ditelji: Valerija Pisar, Jerica \u017dge\u010d, Nadja Ro\u0161er, Andrej Ofak, Janez Miklav\u017eina<br \/>\nUmetni\u0161ke sodelavke: Valentina \u010cas, Sta\u0161a Skarlovnik, Petra Delopst\u00a0 \u00a0\u00a0<em><a href=\"http:\/\/gs-ravne.splet.arnes.si\/files\/2019\/10\/Javni-nastop-u\u010dencev-4.2.2020-Satler.pdf\">Programski list<\/a><\/em><\/h5>\n<h5><strong>KULTURNI CENTER RAVNE\u00a0\u00a0\u00a0\u00a0\u00a0\u00a0\u00a0\u00a0\u00a0\u00a0\u00a0\u00a0\u00a0\u00a0\u00a0\u00a0\u00a0\u00a0\u00a0\u00a0\u00a0\u00a0\u00a0\u00a0\u00a0\u00a0\u00a0\u00a0\u00a0\u00a0\u00a0\u00a0\u00a0\u00a0\u00a0\u00a0\u00a0\u00a0\u00a0\u00a0\u00a0\u00a0\u00a0\u00a0\u00a0\u00a0\u00a0\u00a0\u00a0\u00a0\u00a0\u00a0\u00a0\u00a0\u00a0\u00a0\u00a0\u00a0\u00a0\u00a0\u00a0\u00a0\u00a0\u00a0\u00a0 \u00a0\u00a0\u00a0\u00a0\u00a0\u00a0\u00a0\u00a0\u00a0\u00a0\u00a0\u00a0\u00a0\u00a0\u00a0\u00a0\u00a0\u00a0\u00a0\u00a0\u00a0\u00a0\u00a0\u00a018. februar 2020<\/strong><br \/>\n<strong>JAVNI NASTOP PIANISTOV<\/strong><br \/>\nOrganizatorka: Valentina \u010cas<br \/>\nSodelujo\u010di u\u010ditelji: vsi u\u010ditelji klavirja\u00a0<em><a href=\"http:\/\/gs-ravne.splet.arnes.si\/files\/2019\/10\/Javni-nastop-pianistov-18.2.2020-\u010cas.pdf\">Programski list<\/a><\/em><\/h5>\n<h5><strong>DVORANA G\u0160 RAVNE\u00a0\u00a0\u00a0\u00a0\u00a0\u00a0\u00a0\u00a0\u00a0 \u00a0\u00a0\u00a0\u00a0\u00a0\u00a0\u00a0\u00a0\u00a0\u00a0\u00a0\u00a0\u00a0\u00a0\u00a0\u00a0\u00a0\u00a0\u00a0\u00a0\u00a0\u00a0\u00a0\u00a0\u00a0\u00a0\u00a0\u00a0\u00a0\u00a0\u00a0\u00a0\u00a0\u00a0\u00a0\u00a0\u00a0\u00a0\u00a0\u00a0\u00a0\u00a0\u00a0\u00a0\u00a0\u00a0\u00a0\u00a0\u00a0\u00a0\u00a0\u00a0\u00a0\u00a0\u00a0\u00a0\u00a0\u00a0\u00a0\u00a0\u00a0\u00a0\u00a0\u00a0\u00a0\u00a0\u00a0\u00a0\u00a0\u00a0\u00a0\u00a0\u00a0\u00a0\u00a0\u00a0\u00a0\u00a0\u00a0\u00a0\u00a0\u00a0\u00a0\u00a0\u00a0\u00a0\u00a0\u00a0\u00a0\u00a0\u00a0\u00a0\u00a0\u00a0\u00a0\u00a0\u00a01. april 2020<\/strong><br \/>\n<strong>JAVNI NASTOP PIANISTOV<\/strong><br \/>\nOrganizatorka: Renata Mirkac<br \/>\nSodelujo\u010di u\u010ditelji: vsi u\u010ditelji klavirja<\/h5>\n<h5><strong>KULTURNI CENTER RAVNE\u00a0\u00a0\u00a0\u00a0\u00a0\u00a0\u00a0\u00a0\u00a0\u00a0\u00a0\u00a0\u00a0\u00a0\u00a0\u00a0\u00a0\u00a0\u00a0\u00a0\u00a0\u00a0\u00a0\u00a0\u00a0\u00a0\u00a0\u00a0\u00a0\u00a0\u00a0\u00a0\u00a0\u00a0\u00a0\u00a0\u00a0\u00a0\u00a0\u00a0\u00a0\u00a0\u00a0\u00a0\u00a0\u00a0\u00a0\u00a0\u00a0\u00a0\u00a0\u00a0\u00a0\u00a0\u00a0\u00a0\u00a0\u00a0\u00a0\u00a0\u00a0\u00a0\u00a0\u00a0\u00a0\u00a0\u00a0\u00a0\u00a0\u00a0\u00a0\u00a0\u00a0\u00a0\u00a0\u00a0\u00a0\u00a0\u00a0\u00a0\u00a0\u00a0\u00a0\u00a0\u00a0\u00a0\u00a0\u00a0\u00a0 \u00a0\u00a0\u00a0\u00a0\u00a0\u00a0\u00a07. april 2020<\/strong><br \/>\nOrganizator: Jo\u017ee Mandl<br \/>\nSodelujo\u010di u\u010ditelji: Tatjana Sagernik Kova\u010di\u010d, Jo\u017ee Mandl, Anita Zadravec, Bla\u017e Satler, Samo Kolar<br \/>\nUmetni\u0161ki sodelavki: Valentina \u010cas, Petra Delopst<\/h5>\n<h5><strong>KULTURNI CENTER RAVNE\u00a0\u00a0\u00a0\u00a0\u00a0\u00a0\u00a0\u00a0\u00a0\u00a0\u00a0\u00a0\u00a0\u00a0\u00a0\u00a0\u00a0\u00a0\u00a0\u00a0\u00a0\u00a0\u00a0\u00a0\u00a0\u00a0\u00a0\u00a0\u00a0\u00a0\u00a0\u00a0\u00a0\u00a0\u00a0\u00a0\u00a0\u00a0\u00a0\u00a0\u00a0\u00a0\u00a0\u00a0\u00a0\u00a0\u00a0\u00a0\u00a0\u00a0\u00a0\u00a0\u00a0\u00a0\u00a0\u00a0\u00a0\u00a0\u00a0\u00a0\u00a0\u00a0\u00a0\u00a0\u00a0\u00a0\u00a0\u00a0\u00a0\u00a0\u00a0\u00a0\u00a0\u00a0\u00a0\u00a0\u00a0\u00a0\u00a0\u00a0\u00a0\u00a0\u00a0\u00a0\u00a0\u00a0\u00a0\u00a0\u00a0\u00a0\u00a0\u00a0\u00a0\u00a0 21. april 2020<\/strong><br \/>\nOrganizator: Samo Kolar<br \/>\nSodelujo\u010di u\u010ditelji: vsi, ki \u0161e niso opravili nastopa do tega datuma<br \/>\nUmetni\u0161ki sodelavci: glede na razporeditev korepeticij po u\u010diteljih 2019\/20<\/h5>\n<h5><strong>KULTURNI CENTER RAVNE NA KORO\u0160KEM\u00a0\u00a0\u00a0\u00a0\u00a0\u00a0\u00a0\u00a0\u00a0\u00a0\u00a0\u00a0\u00a0\u00a0\u00a0\u00a0\u00a0\u00a0\u00a0\u00a0\u00a0\u00a0\u00a0\u00a0\u00a0\u00a0\u00a0\u00a0\u00a0\u00a0\u00a0\u00a0\u00a0\u00a0\u00a0\u00a0\u00a0 \u00a0\u00a0\u00a0\u00a0\u00a0\u00a0\u00a0\u00a0\u00a0\u00a0\u00a0\u00a0\u00a0\u00a0\u00a0\u00a0\u00a0\u00a0\u00a0\u00a0\u00a0\u00a0\u00a0\u00a0\u00a0\u00a0\u00a0\u00a0\u00a0\u00a020. maj 2020<\/strong><br \/>\n<strong>KONCERT ORKESTROV\u00a0 \u0160OLE<\/strong><br \/>\nOrganizator: Aleksander Kotnik<br \/>\nSodelujo\u010di u\u010ditelji: vsi<\/h5>\n<h5><strong>KULTURNI CENTER RAVNE\u00a0\u00a0\u00a0\u00a0\u00a0\u00a0\u00a0\u00a0\u00a0\u00a0\u00a0\u00a0\u00a0\u00a0\u00a0\u00a0\u00a0\u00a0\u00a0\u00a0\u00a0\u00a0\u00a0\u00a0\u00a0\u00a0\u00a0\u00a0\u00a0\u00a0\u00a0\u00a0\u00a0\u00a0\u00a0\u00a0\u00a0\u00a0\u00a0\u00a0\u00a0\u00a0\u00a0\u00a0\u00a0\u00a0\u00a0\u00a0\u00a0\u00a0\u00a0\u00a0\u00a0\u00a0\u00a0\u00a0\u00a0\u00a0\u00a0\u00a0\u00a0\u00a0\u00a0\u00a0\u00a0\u00a0\u00a0\u00a0\u00a0\u00a0\u00a0\u00a0\u00a0\u00a0\u00a0\u00a0\u00a0\u00a0\u00a0\u00a0 \u00a0\u00a0\u00a0\u00a0\u00a0\u00a0\u00a0\u00a0\u00a0\u00a0\u00a0\u00a0\u00a0\u00a0\u00a0\u00a0\u00a0\u00a0\u00a0\u00a0\u00a0\u00a0maj 2020<\/strong><br \/>\n<strong>NASTOP BALETNIH PLESALCEV<\/strong><br \/>\nOrganizatorka: Elena Cioat\u00e1<br \/>\nSodelujo\u010di u\u010ditelji: po dogovoru<\/h5>\n<h5><strong>KULTURNI CENTER RAVNE NA KORO\u0160KEM\u00a0\u00a0\u00a0\u00a0\u00a0\u00a0\u00a0\u00a0\u00a0\u00a0\u00a0\u00a0\u00a0\u00a0\u00a0\u00a0\u00a0\u00a0\u00a0\u00a0\u00a0\u00a0\u00a0\u00a0\u00a0\u00a0\u00a0\u00a0\u00a0\u00a0\u00a0\u00a0\u00a0\u00a0\u00a0\u00a0\u00a0\u00a0\u00a0\u00a0\u00a0\u00a0\u00a0\u00a0\u00a0\u00a0\u00a0\u00a0\u00a0\u00a0\u00a0\u00a0\u00a0\u00a0\u00a0\u00a0\u00a0\u00a0\u00a0\u00a0\u00a0\u00a0\u00a0\u00a0\u00a0\u00a0\u00a0 26. maj 2020<\/strong><br \/>\n<strong>ZAKLJU\u010cNI NASTOP RAVNE + PREVALJE<\/strong><br \/>\nOrganizatorka: Nadja Ro\u0161er<br \/>\nSodelujo\u010di u\u010ditelji: u\u010ditelji, ki pou\u010dujejo na oddelkih Ravne in Prevalje<\/h5>\n<h5><strong>KULTURNI CENTER RAVNE\u00a0\u00a0\u00a0\u00a0\u00a0\u00a0\u00a0\u00a0\u00a0\u00a0\u00a0\u00a0\u00a0\u00a0\u00a0\u00a0\u00a0\u00a0\u00a0\u00a0\u00a0\u00a0\u00a0\u00a0\u00a0 \u00a0\u00a0\u00a0\u00a0\u00a0\u00a0\u00a0\u00a0\u00a0\u00a0\u00a0\u00a0\u00a0\u00a0\u00a0\u00a0\u00a0\u00a0\u00a0\u00a0\u00a0\u00a0\u00a0\u00a0\u00a0\u00a0\u00a0\u00a0\u00a0\u00a0\u00a0\u00a0\u00a0\u00a0\u00a0\u00a0\u00a0\u00a0\u00a0\u00a0\u00a0\u00a0\u00a0\u00a0\u00a0\u00a0\u00a0\u00a0\u00a0\u00a0\u00a0\u00a0\u00a0\u00a0\u00a0\u00a0\u00a0\u00a0\u00a0\u00a0\u00a0\u00a0\u00a0\u00a0\u00a0\u00a0\u00a0\u00a0\u00a0\u00a0\u00a0\u00a02. junij 2020<\/strong><br \/>\n<strong>NASTOP U\u010cENCEV PRVIH RAZREDOV<\/strong><br \/>\nOrganizatorka: Anita Zadravec<br \/>\nSodelujo\u010di u\u010ditelji: vsi u\u010ditelji 1. razredov pihal, trobil in tolkal<\/h5>\n<h5><\/h5>\n<h5><em><strong>OB\u010cINA PREVALJE<\/strong><\/em><\/h5>\n<hr \/>\n<h5><strong>GLASBENA U\u010cILNICA OSNOVNE \u0160OLE\u00a0\u00a0\u00a0\u00a0\u00a0\u00a0\u00a0\u00a0\u00a0\u00a0\u00a0\u00a0\u00a0\u00a0\u00a0\u00a0\u00a0\u00a0\u00a0\u00a0\u00a0\u00a0\u00a0\u00a0\u00a0\u00a0\u00a0\u00a0\u00a0\u00a0\u00a0\u00a0\u00a0\u00a0\u00a0\u00a0\u00a0\u00a0\u00a0\u00a0 \u00a0\u00a0\u00a0\u00a0\u00a0\u00a0\u00a0\u00a0\u00a0\u00a0\u00a0\u00a0\u00a0\u00a0\u00a0\u00a0\u00a0\u00a0\u00a0\u00a0\u00a0\u00a0\u00a0\u00a0\u00a0\u00a0\u00a0\u00a0\u00a0\u00a0\u00a03. december 2019<\/strong><br \/>\nOrganizatorka: Ela Skarlovnik<br \/>\nSodelujo\u010di u\u010ditelji: vsi u\u010ditelji oddelka\u00a0 \u00a0 <em>\u00a0<a href=\"http:\/\/gs-ravne.splet.arnes.si\/files\/2019\/10\/Javni-nastop-u\u010dencev-oddelka-Prevalje-3.12.2019-Skarlovnik-E.-2.pdf\">Programski list<\/a><\/em><\/h5>\n<h5><strong>GLASBENA U\u010cILNICA OSNOVNE \u0160OLE\u00a0\u00a0\u00a0\u00a0\u00a0\u00a0\u00a0\u00a0\u00a0\u00a0\u00a0\u00a0\u00a0\u00a0\u00a0\u00a0\u00a0\u00a0\u00a0\u00a0\u00a0\u00a0\u00a0\u00a0\u00a0\u00a0\u00a0\u00a0\u00a0\u00a0\u00a0\u00a0\u00a0 \u00a0\u00a0\u00a0\u00a0\u00a0\u00a0\u00a0\u00a0\u00a0\u00a0\u00a0\u00a0\u00a0\u00a0\u00a0\u00a0\u00a0\u00a0\u00a0\u00a0\u00a0\u00a0\u00a0\u00a0\u00a0\u00a0\u00a0\u00a0\u00a0\u00a0\u00a0\u00a0\u00a0\u00a0\u00a0\u00a0\u00a0\u00a0\u00a0\u00a0\u00a0\u00a017. marec 2020<\/strong><br \/>\nOrganizatorka: Renata Mirkac<br \/>\nSodelujo\u010di u\u010ditelji: vsi u\u010ditelji oddelka<\/h5>\n<h5><\/h5>\n<h5><em><strong>OB\u010cINA ME\u017dICA<\/strong><\/em><\/h5>\n<hr \/>\n<h5><strong>GLASBENI DOM ME\u017dICA\u00a0\u00a0\u00a0\u00a0\u00a0\u00a0\u00a0\u00a0\u00a0\u00a0\u00a0\u00a0\u00a0\u00a0\u00a0\u00a0\u00a0\u00a0\u00a0\u00a0\u00a0\u00a0\u00a0\u00a0\u00a0\u00a0\u00a0\u00a0\u00a0\u00a0\u00a0\u00a0\u00a0\u00a0\u00a0\u00a0\u00a0\u00a0\u00a0\u00a0\u00a0\u00a0\u00a0\u00a0\u00a0\u00a0\u00a0\u00a0\u00a0\u00a0\u00a0\u00a0\u00a0\u00a0\u00a0\u00a0\u00a0\u00a0\u00a0\u00a0\u00a0\u00a0\u00a0\u00a0\u00a0\u00a0\u00a0\u00a0\u00a0\u00a0\u00a0\u00a0\u00a0\u00a0\u00a0\u00a0\u00a0\u00a0\u00a0\u00a0\u00a0\u00a0\u00a0\u00a0\u00a0\u00a0\u00a0 \u00a0\u00a0\u00a017. december 2019<\/strong><br \/>\n<strong>(sodelujejo otroci glasbene pripravnice)<\/strong><br \/>\nOrganizator: Du\u0161an \u0160triker<br \/>\nSodelujo\u010di u\u010ditelji: vsi u\u010ditelji oddelka\u00a0 \u00a0\u00a0<em><a href=\"http:\/\/gs-ravne.splet.arnes.si\/files\/2019\/10\/Javni-nastop-u\u010dencev-Me\u017eica-17.12.2019-\u0160triker.pdf\">Programski list<\/a><\/em><\/h5>\n<h5><strong>GLASBENI DOM ME\u017dICA\u00a0\u00a0\u00a0\u00a0\u00a0\u00a0\u00a0\u00a0\u00a0\u00a0\u00a0\u00a0\u00a0\u00a0\u00a0\u00a0\u00a0\u00a0\u00a0\u00a0\u00a0\u00a0\u00a0\u00a0\u00a0\u00a0\u00a0\u00a0\u00a0\u00a0\u00a0\u00a0\u00a0\u00a0\u00a0\u00a0\u00a0\u00a0\u00a0\u00a0\u00a0\u00a0\u00a0\u00a0\u00a0\u00a0\u00a0\u00a0\u00a0\u00a0\u00a0\u00a0\u00a0\u00a0\u00a0\u00a0\u00a0\u00a0\u00a0\u00a0\u00a0\u00a0\u00a0\u00a0\u00a0\u00a0\u00a0\u00a0\u00a0\u00a0\u00a0\u00a0\u00a0\u00a0\u00a0\u00a0\u00a0\u00a0\u00a0\u00a0\u00a0\u00a0\u00a0\u00a0\u00a0\u00a0\u00a0\u00a0\u00a0\u00a0\u00a0 \u00a0\u00a0\u00a0\u00a0\u00a0\u00a0\u00a031. marec 2020<\/strong><br \/>\nOrganizator: Janez Miklav\u017eina<br \/>\nSodelujo\u010di u\u010ditelji: vsi u\u010ditelji oddelka<\/h5>\n<h5><\/h5>\n<h5><em><strong>OB\u010cINA \u010cRNA NA KORO\u0160KEM<\/strong><\/em><\/h5>\n<hr \/>\n<h5><strong>KULTURNI DOM \u010cRNA NA KORO\u0160KEM\u00a0\u00a0\u00a0\u00a0\u00a0\u00a0\u00a0\u00a0\u00a0\u00a0\u00a0\u00a0\u00a0\u00a0\u00a0\u00a0\u00a0\u00a0\u00a0\u00a0\u00a0\u00a0\u00a0\u00a0\u00a0\u00a0 \u00a0\u00a0\u00a0\u00a0\u00a0\u00a0\u00a0\u00a0\u00a0\u00a0\u00a0\u00a0\u00a0\u00a0\u00a0\u00a0\u00a0\u00a0\u00a0\u00a0\u00a0\u00a0\u00a0\u00a0\u00a0\u00a0\u00a0\u00a0\u00a0\u00a0\u00a0\u00a0\u00a0\u00a0\u00a0\u00a0\u00a0\u00a0\u00a0\u00a0\u00a010. december 2019<\/strong><br \/>\nOrganizatorka: Du\u0161an \u0160triker<br \/>\nSodelujo\u010di u\u010ditelji: vsi u\u010ditelji oddelka\u00a0 \u00a0 \u00a0<em><a href=\"http:\/\/gs-ravne.splet.arnes.si\/files\/2019\/10\/Javni-nastop-u\u010dencev-\u010crna-10.12.2019-\u0160triker.pdf\">Programski list<\/a><\/em><\/h5>\n<h5><strong>KULTURNI DOM \u010cRNA NA KORO\u0160KEM\u00a0\u00a0\u00a0\u00a0\u00a0\u00a0\u00a0\u00a0\u00a0\u00a0\u00a0\u00a0\u00a0\u00a0\u00a0\u00a0\u00a0\u00a0\u00a0\u00a0\u00a0\u00a0\u00a0\u00a0\u00a0\u00a0 \u00a0\u00a0\u00a0\u00a0\u00a0\u00a0\u00a0\u00a0\u00a0\u00a0\u00a0\u00a0\u00a0\u00a0\u00a0\u00a0\u00a0\u00a0\u00a0\u00a0\u00a0\u00a0\u00a0\u00a0\u00a0\u00a0\u00a0\u00a0\u00a0\u00a0\u00a0\u00a0\u00a0\u00a0\u00a0\u00a0\u00a0\u00a0\u00a0\u00a0\u00a0\u00a0\u00a0\u00a0\u00a0\u00a0\u00a0\u00a0\u00a0\u00a0\u00a0\u00a0\u00a08. april 2020<\/strong><br \/>\nOrganizatorka: Helena Buhvald<br \/>\nSodelujo\u010di u\u010ditelji: vsi u\u010ditelji oddelka<\/h5>\n<h5><strong>ZAKLJU\u010cNI NASTOP \u010cRNA-ME\u017dICA\u00a0\u00a0\u00a0\u00a0\u00a0\u00a0\u00a0\u00a0\u00a0\u00a0\u00a0\u00a0\u00a0\u00a0\u00a0\u00a0\u00a0\u00a0\u00a0\u00a0\u00a0\u00a0\u00a0\u00a0\u00a0\u00a0\u00a0\u00a0\u00a0\u00a0\u00a0\u00a0\u00a0\u00a0\u00a0\u00a0\u00a0\u00a0\u00a0\u00a0\u00a0\u00a0\u00a0\u00a0\u00a0\u00a0\u00a0\u00a0\u00a0\u00a0\u00a0\u00a0\u00a0\u00a0\u00a0\u00a0\u00a0\u00a0\u00a0\u00a0\u00a0\u00a0\u00a0\u00a0\u00a0\u00a0\u00a0\u00a0\u00a0\u00a0\u00a0\u00a0\u00a0\u00a0\u00a0\u00a0\u00a0\u00a0\u00a0\u00a0\u00a0\u00a0\u00a0\u00a0 12. maj 2020<\/strong><br \/>\n<strong>KULTURNI DOM \u010cRNA NA KORO\u0160KEM<\/strong><br \/>\nOrganizator: Du\u0161an \u0160triker, Helena Buhvald<br \/>\nSodelujo\u010di u\u010ditelji: vsi u\u010ditelji oddelkov<\/h5>\n<h5><\/h5>\n<h5><em><strong>OB\u010cINA DRAVOGRAD<\/strong><\/em><\/h5>\n<hr \/>\n<h5><strong>JEDILNICA OSNOVNE \u0160OLE\u00a0 \u00a0 \u00a0 \u00a0 \u00a0 \u00a0 \u00a0 \u00a0 \u00a0 \u00a0 \u00a0 \u00a0 \u00a0 \u00a0 \u00a0 \u00a0 \u00a0 \u00a0 \u00a0 \u00a0 \u00a0 \u00a0 \u00a0 \u00a0 \u00a0 \u00a0 \u00a0 \u00a0 \u00a0 \u00a0 \u00a0 \u00a0 \u00a0 \u00a0 \u00a0 \u00a0 \u00a0 \u00a0 \u00a0 \u00a0 \u00a0 \u00a0 \u00a0 \u00a0 \u00a02. december 2019<\/strong><br \/>\n<strong>(sodelujejo otroci glasbene pripravnice)<\/strong><br \/>\nOrganizatorka: Petra Delopst<br \/>\nSodelujo\u010di u\u010ditelji: vsi u\u010ditelji oddelka\u00a0 \u00a0 <em>\u00a0<a href=\"http:\/\/gs-ravne.splet.arnes.si\/files\/2019\/10\/Javni-nastop-u\u010dencev-oddelka-Dravograd-2.12.2019-Delopst.pdf\">Programski list<\/a><\/em><\/h5>\n<h5><strong>JEDILNICA OSNOVNE \u0160OLE\u00a0\u00a0\u00a0\u00a0\u00a0\u00a0\u00a0\u00a0\u00a0\u00a0\u00a0\u00a0\u00a0\u00a0\u00a0\u00a0\u00a0\u00a0\u00a0\u00a0\u00a0\u00a0\u00a0\u00a0\u00a0\u00a0\u00a0\u00a0\u00a0\u00a0\u00a0\u00a0\u00a0\u00a0\u00a0\u00a0\u00a0\u00a0\u00a0\u00a0\u00a0\u00a0\u00a0\u00a0\u00a0\u00a0\u00a0\u00a0\u00a0\u00a0\u00a0\u00a0\u00a0\u00a0\u00a0\u00a0\u00a0\u00a0\u00a0 \u00a0\u00a0\u00a0\u00a0\u00a0\u00a0\u00a0\u00a0\u00a0\u00a0\u00a0\u00a0\u00a0\u00a0\u00a0\u00a0\u00a0\u00a0\u00a0\u00a0\u00a0\u00a0\u00a0\u00a0\u00a0\u00a0\u00a0\u00a0\u00a0\u00a0\u00a0\u00a023. marec 2020<\/strong><br \/>\nOrganizatorka: Sta\u0161a Skarlovnik<br \/>\nSodelujo\u010di u\u010ditelji: vsi u\u010ditelji oddelka<\/h5>\n<h5><strong>JEDILNICA OSNOVNE \u0160OLE\u00a0\u00a0\u00a0\u00a0\u00a0\u00a0\u00a0\u00a0\u00a0\u00a0\u00a0\u00a0\u00a0\u00a0\u00a0\u00a0\u00a0\u00a0\u00a0\u00a0\u00a0\u00a0\u00a0\u00a0\u00a0\u00a0\u00a0\u00a0\u00a0 \u00a0\u00a0\u00a0\u00a0\u00a0\u00a0\u00a0\u00a0\u00a0\u00a0\u00a0\u00a0\u00a0\u00a0\u00a0\u00a0\u00a0\u00a0\u00a0\u00a0\u00a0\u00a0\u00a0\u00a0\u00a0\u00a0\u00a0\u00a0\u00a0\u00a0\u00a0\u00a0\u00a0\u00a0\u00a0\u00a0\u00a0\u00a0\u00a0\u00a0\u00a0\u00a0\u00a0\u00a0\u00a0\u00a0\u00a0\u00a0\u00a0\u00a0\u00a0\u00a0\u00a0\u00a0\u00a0\u00a0\u00a0\u00a0\u00a0\u00a0\u00a0\u00a0\u00a0\u00a0\u00a0\u00a013. maj 2020<\/strong><br \/>\n<strong>ZAKLJU\u010cNI NASTOP<\/strong><br \/>\nOrganizatorka: Alenka Mori<br \/>\nSodelujo\u010di u\u010ditelji: vsi u\u010ditelji oddelka<\/h5>\n<h5><\/h5>\n<h5><em><strong>OSTALI NASTOPI V \u0160OLSKEM LETU 2019\/2020<\/strong><\/em><\/h5>\n<hr \/>\n<h5><strong>24. 1. 2020<\/strong> &#8211; Revija glasbenih \u0161ol \u0160tajerske, Koro\u0161ke in Pomurja (Konservatorij za glasbo in balet Maribor ob 18. uri)<br \/>\n<strong>3. \u2013 7. 2. 2020<\/strong> \u2013 TEMSIG-predtekmovanje na glasbenih \u0161olah v raznih krajih Slovenije<br \/>\n<strong>4. \u2013 18. 3. 2020<\/strong> \u2013 TEMSIG dr\u017eavno tekmovanje na glasbenih \u0161olah \u0160tajerske in Pomurja<br \/>\nTekmovalne discipline: TROBENTA, ROG, POZAVNA, TUBA, EVFONIJ, TOLKALA, HARMONIKA, TAMBURICA, KITARSKI DUO, KLAVIRSKI DUO, KOMORNE SKUPINE Z GODALI IN KLAVIRJEM TER JAZZ SOLO.<br \/>\n<strong>15. 4. 2020<\/strong> &#8211; Revija Koro\u0161kih glasbenih \u0161ol (Muta ob 18. uri)<\/h5>\n<h5>Udele\u017eba na drugih dr\u017eavnih in mednarodnih\u00a0 glasbenih tekmovanjih bo potekala na podlagi dogovora z u\u010ditelji in v okviru finan\u010dnih zmo\u017enosti.<\/h5>\n","protected":false},"excerpt":{"rendered":"<p>Vsi nastopi se za\u010dnejo ob 18.30 uri. OB\u010cINA RAVNE NA KORO\u0160KEM KULTURNI CENTER G\u0160 RAVNE\u00a0 \u00a0 \u00a0 \u00a0 \u00a0 \u00a0 \u00a0 \u00a0 \u00a0 \u00a0 \u00a0 \u00a0 \u00a0 \u00a0 \u00a0 \u00a0 \u00a0 \u00a0 \u00a0 \u00a0 \u00a0 \u00a0 \u00a0 \u00a0 \u00a0 \u00a0 &hellip; <a href=\"https:\/\/gs-ravne.splet.arnes.si\/?page_id=2461\">Beri naprej <span class=\"meta-nav\">&rarr;<\/span><\/a><\/p>\n","protected":false},"author":2856,"featured_media":0,"parent":0,"menu_order":0,"comment_status":"closed","ping_status":"closed","template":"","meta":{"ngg_post_thumbnail":0,"footnotes":""},"class_list":["post-2461","page","type-page","status-publish","hentry"],"_links":{"self":[{"href":"https:\/\/gs-ravne.splet.arnes.si\/index.php?rest_route=\/wp\/v2\/pages\/2461","targetHints":{"allow":["GET"]}}],"collection":[{"href":"https:\/\/gs-ravne.splet.arnes.si\/index.php?rest_route=\/wp\/v2\/pages"}],"about":[{"href":"https:\/\/gs-ravne.splet.arnes.si\/index.php?rest_route=\/wp\/v2\/types\/page"}],"author":[{"embeddable":true,"href":"https:\/\/gs-ravne.splet.arnes.si\/index.php?rest_route=\/wp\/v2\/users\/2856"}],"replies":[{"embeddable":true,"href":"https:\/\/gs-ravne.splet.arnes.si\/index.php?rest_route=%2Fwp%2Fv2%2Fcomments&post=2461"}],"version-history":[{"count":19,"href":"https:\/\/gs-ravne.splet.arnes.si\/index.php?rest_route=\/wp\/v2\/pages\/2461\/revisions"}],"predecessor-version":[{"id":2635,"href":"https:\/\/gs-ravne.splet.arnes.si\/index.php?rest_route=\/wp\/v2\/pages\/2461\/revisions\/2635"}],"wp:attachment":[{"href":"https:\/\/gs-ravne.splet.arnes.si\/index.php?rest_route=%2Fwp%2Fv2%2Fmedia&parent=2461"}],"curies":[{"name":"wp","href":"https:\/\/api.w.org\/{rel}","templated":true}]}}