{"id":1617,"date":"2017-11-08T13:57:32","date_gmt":"2017-11-08T12:57:32","guid":{"rendered":"http:\/\/gs-ravne.splet.arnes.si\/?page_id=1617"},"modified":"2018-06-06T07:38:59","modified_gmt":"2018-06-06T05:38:59","slug":"javni-nastopi-201718","status":"publish","type":"page","link":"https:\/\/gs-ravne.splet.arnes.si\/?page_id=1617","title":{"rendered":"Javni nastopi 2017\/18"},"content":{"rendered":"<h5>\u00a0<em><strong>PROGRAMSKI LISTI JAVNIH NASTOPOV<\/strong><\/em><\/h5>\n<h5>ODDELEK RAVNE NA KORO\u0160KEM<\/h5>\n<hr \/>\n<h5><a href=\"http:\/\/gs-ravne.splet.arnes.si\/files\/2017\/11\/Javni-nastop-u\u010dencev-21.11.2017-Ofak-3.pdf\">21.11.2017<\/a><\/h5>\n<h5><a href=\"http:\/\/gs-ravne.splet.arnes.si\/files\/2017\/11\/Javni-nastop-pihalcev-30.1.2018-\u0160triker.pdf\">30.01.2018<\/a><\/h5>\n<h5><a href=\"http:\/\/gs-ravne.splet.arnes.si\/files\/2017\/11\/Javni-nastop-u\u010dencev-13.2.2018-Mandl.pdf\">13.02.2018<\/a><\/h5>\n<h5><a href=\"http:\/\/gs-ravne.splet.arnes.si\/files\/2017\/11\/Javni-nastop-u\u010dencev-oddelka-Ravne-13.03.2018-Kova\u010di\u010d.pdf\">13.03.2018<\/a><\/h5>\n<h5><a href=\"http:\/\/gs-ravne.splet.arnes.si\/files\/2018\/03\/Javni-nastop-pianistov-Glasbene-\u0161ole-Ravne-na-Koro\u0161kem-27.03.2018.pdf\" target=\"_blank\">27.03.2018<\/a><\/h5>\n<h5><a href=\"http:\/\/gs-ravne.splet.arnes.si\/files\/2017\/11\/Javni-nastop-u\u010dencev-oddelka-Ravne-17.04.2018-Kolar.pdf\">17.04.2018<\/a><\/h5>\n<h5><a href=\"http:\/\/gs-ravne.splet.arnes.si\/files\/2017\/11\/Zaklju\u010dni-koncert-orkestrov-22.5.2018.pdf\">22.5.2018<\/a><\/h5>\n<h5><a href=\"http:\/\/gs-ravne.splet.arnes.si\/files\/2017\/11\/Javni-nastop-u\u010dencev-1.-razredov-5.6.2018-Ro\u0161er.pdf\">05.06.2018<\/a><\/h5>\n<h5>ODDELEK \u010cRNA NA KORO\u0160KEM<\/h5>\n<hr \/>\n<h5><a href=\"http:\/\/gs-ravne.splet.arnes.si\/files\/2017\/11\/Javni-nastop-u\u010dencev-28.11.2017-\u0160triker.pdf\">28.11.2017<\/a><\/h5>\n<h5><a href=\"http:\/\/gs-ravne.splet.arnes.si\/files\/2017\/11\/Zaklju\u010dni-koncert-oddelka-\u010crna-18.04.2018-Buhvald-G.H.-1.pdf\">18.04.2018<\/a><\/h5>\n<h5>ODDELEK DRAVOGRAD<\/h5>\n<hr \/>\n<h5>\u00a0<a href=\"http:\/\/gs-ravne.splet.arnes.si\/files\/2017\/11\/Javni-nastop-u\u010dencev-18.12.2017-Blaznik.pdf\">18.12.2017<\/a><\/h5>\n<h5><a href=\"http:\/\/gs-ravne.splet.arnes.si\/files\/2017\/11\/Zaklju\u010dni-koncert-u\u010dencev-oddelka-Dravograd-15.5.2018-Mori.pdf\">15.05.2018<\/a><\/h5>\n<h5>ODDELEK ME\u017dICA<\/h5>\n<hr \/>\n<h5><a href=\"http:\/\/gs-ravne.splet.arnes.si\/files\/2017\/11\/Javni-nastop-u\u010dencev-13.12.2017-Strm\u010dnik.pdf\">13.12.2017<\/a><\/h5>\n<h5><a href=\"http:\/\/gs-ravne.splet.arnes.si\/files\/2017\/11\/Zaklju\u010dni-koncert-u\u010dencev-oddelka-Me\u017eica-16.5.2018-Miklav\u017eina.pdf\">16.05.2018<\/a><\/h5>\n<h5>ODDELEK PREVALJE<\/h5>\n<hr \/>\n<h5><a href=\"http:\/\/gs-ravne.splet.arnes.si\/files\/2017\/11\/Javni-nastop-u\u010dencev-oddelka-Prevalje-19.12.2017-Skarlovnik-E.-1.pdf\">19.12.2017<\/a><\/h5>\n<h5><a href=\"http:\/\/gs-ravne.splet.arnes.si\/files\/2017\/11\/Zaklju\u010dni-koncert-u\u010dencev-oddelka-Prevalje-24.04.2018-Mirkac.pdf\">24.04.2018<\/a><\/h5>\n","protected":false},"excerpt":{"rendered":"<p>\u00a0PROGRAMSKI LISTI JAVNIH NASTOPOV ODDELEK RAVNE NA KORO\u0160KEM 21.11.2017 30.01.2018 13.02.2018 13.03.2018 27.03.2018 17.04.2018 22.5.2018 05.06.2018 ODDELEK \u010cRNA NA KORO\u0160KEM 28.11.2017 18.04.2018 ODDELEK DRAVOGRAD \u00a018.12.2017 15.05.2018 ODDELEK ME\u017dICA 13.12.2017 16.05.2018 ODDELEK PREVALJE 19.12.2017 24.04.2018<\/p>\n","protected":false},"author":2856,"featured_media":0,"parent":0,"menu_order":0,"comment_status":"closed","ping_status":"closed","template":"","meta":{"ngg_post_thumbnail":0,"footnotes":""},"class_list":["post-1617","page","type-page","status-publish","hentry"],"_links":{"self":[{"href":"https:\/\/gs-ravne.splet.arnes.si\/index.php?rest_route=\/wp\/v2\/pages\/1617","targetHints":{"allow":["GET"]}}],"collection":[{"href":"https:\/\/gs-ravne.splet.arnes.si\/index.php?rest_route=\/wp\/v2\/pages"}],"about":[{"href":"https:\/\/gs-ravne.splet.arnes.si\/index.php?rest_route=\/wp\/v2\/types\/page"}],"author":[{"embeddable":true,"href":"https:\/\/gs-ravne.splet.arnes.si\/index.php?rest_route=\/wp\/v2\/users\/2856"}],"replies":[{"embeddable":true,"href":"https:\/\/gs-ravne.splet.arnes.si\/index.php?rest_route=%2Fwp%2Fv2%2Fcomments&post=1617"}],"version-history":[{"count":31,"href":"https:\/\/gs-ravne.splet.arnes.si\/index.php?rest_route=\/wp\/v2\/pages\/1617\/revisions"}],"predecessor-version":[{"id":2019,"href":"https:\/\/gs-ravne.splet.arnes.si\/index.php?rest_route=\/wp\/v2\/pages\/1617\/revisions\/2019"}],"wp:attachment":[{"href":"https:\/\/gs-ravne.splet.arnes.si\/index.php?rest_route=%2Fwp%2Fv2%2Fmedia&parent=1617"}],"curies":[{"name":"wp","href":"https:\/\/api.w.org\/{rel}","templated":true}]}}